{"id":783,"date":"2026-01-12T12:37:02","date_gmt":"2026-01-12T10:37:02","guid":{"rendered":"https:\/\/elcall.cat\/avis-juridique\/"},"modified":"2026-01-12T12:37:02","modified_gmt":"2026-01-12T10:37:02","slug":"avis-juridique","status":"publish","type":"page","link":"https:\/\/elcall.cat\/fr\/avis-juridique\/","title":{"rendered":"Avis juridique"},"content":{"rendered":"<p><strong>I. &#8211; DONN\u00c9ES D\u2019IDENTIFICATION DE L\u2019ENTREPRISE<\/strong><\/p>\n<p>Josep Call Prun\u00e9s<br \/>\nAdresse postale : Casa Call 25283 OD\u00c8N<br \/>\nT\u00e9l\u00e9phone : 689477590<br \/>\nE-mail : call@elcall.org<\/p>\n<p>&nbsp;<\/p>\n<p><strong>II. &#8211; ACTIVIT\u00c9 DE LA SOCI\u00c9T\u00c9<\/strong><\/p>\n<ul>\n<li>\u00c9tablissement d\u2019h\u00e9bergement touristique, modalit\u00e9 d\u2019\u00e9tablissement du tourisme rural<\/li>\n<li>Identification des \u00e9tablissements :\n<ul>\n<li>CALL 1 inscrit au Registre du Tourisme de Catalogne sous le num\u00e9ro PCC-000210<\/li>\n<li>CALL 2 inscrit au Registre du Tourisme de Catalogne avec le num\u00e9ro PCC &#8211; 000238<\/li>\n<li>CALL 3 inscrit au Registre du Tourisme de Catalogne avec le num\u00e9ro PCC -000239<\/li>\n<li>AVIONS enregistr\u00e9s au Registre du tourisme de Catalogne avec le num\u00e9ro PCC -000286<\/li>\n<li>RAC\u00d3 GUITA inscrite au Registre du Tourisme de Catalogne sous le num\u00e9ro PCC &#8211; 000553<\/li>\n<\/ul>\n<\/li>\n<\/ul>\n<p>&nbsp;<\/p>\n<p><strong>III.- SERVICES ET CONTRATS<\/strong><\/p>\n<p>Voir la section correspondante du menu contenu du site web.<\/p>\n<p>&nbsp;<\/p>\n<p><strong>IV. &#8211; POLITIQUE D\u2019ANNULATION LATION<\/strong><\/p>\n<p><strong>A) Politique d\u2019annulation applicable \u00e0 la contractualisation du service d\u2019h\u00e9bergement touristique en haute saison, qui comprend : P\u00e2ques, long week-end du 1er mai, long week-end de Sant Joan, s\u00e9jours de juillet et ao\u00fbt, long week-end du 11 septembre, long week-end du 12 octobre, la Toussaint, No\u00ebl et le r\u00e9veillon du Nouvel An.<\/strong><\/p>\n<ul>\n<li>Si l\u2019utilisateur demande l\u2019annulation de la r\u00e9servation 60 jours ou plus avant la date d\u2019arriv\u00e9e, 100 % du d\u00e9p\u00f4t sera rembours\u00e9.<\/li>\n<li>Si l\u2019utilisateur demande l\u2019annulation de la r\u00e9servation entre 30 et 59 jours avant la date d\u2019arriv\u00e9e, 80 % du d\u00e9p\u00f4t sera rembours\u00e9.<\/li>\n<li>Si l\u2019annulation de la r\u00e9servation est demand\u00e9e entre 15 et 29 jours avant la date d\u2019arriv\u00e9e, 50 % du d\u00e9p\u00f4t sera rembours\u00e9.<\/li>\n<li>Si l\u2019annulation de la r\u00e9servation est effectu\u00e9e dans les 14 jours pr\u00e9c\u00e9dant la date d\u2019arriv\u00e9e, le d\u00e9p\u00f4t ne sera pas rembours\u00e9 et les p\u00e9nalit\u00e9s suivantes seront appliqu\u00e9es :\n<ul>\n<li>a) R\u00e9servation pour deux jours ou moins, soit 60 % du co\u00fbt total du s\u00e9jour.<\/li>\n<li>b) R\u00e9servations pour plus de deux jours et jusqu\u2019\u00e0 sept jours, soit 50 % du co\u00fbt total du s\u00e9jour.<\/li>\n<li>c) R\u00e9servation pour plus de sept jours, soit 40 % du co\u00fbt total du s\u00e9jour.<\/li>\n<\/ul>\n<\/li>\n<\/ul>\n<p>Le d\u00e9p\u00f4t non rembours\u00e9 sera consid\u00e9r\u00e9 comme le montant retenu en raison de la p\u00e9nalit\u00e9 correspondante.<\/p>\n<p><strong>B) Politique d\u2019annulation pour les s\u00e9jours en basse saison (incluant les jours\/p\u00e9riodes non inclus dans la section A)) <\/strong><\/p>\n<ul>\n<li>Si l\u2019utilisateur demande l\u2019annulation de la r\u00e9servation 30 jours ou plus avant la date d\u2019arriv\u00e9e, 100 % du d\u00e9p\u00f4t sera rembours\u00e9.<\/li>\n<li>Si l\u2019utilisateur demande l\u2019annulation de la r\u00e9servation entre 20 et 29 jours avant la date d\u2019arriv\u00e9e, 80 % du d\u00e9p\u00f4t sera rembours\u00e9.<\/li>\n<li>Si l\u2019annulation de la r\u00e9servation est demand\u00e9e entre 11 et 19 jours avant la date d\u2019arriv\u00e9e, 50 % du d\u00e9p\u00f4t sera rembours\u00e9.<\/li>\n<li>Si l\u2019annulation de la r\u00e9servation est effectu\u00e9e dans les 10 jours pr\u00e9c\u00e9dant la date d\u2019arriv\u00e9e, le d\u00e9p\u00f4t ne sera pas rembours\u00e9 et les p\u00e9nalit\u00e9s suivantes seront appliqu\u00e9es :\n<ul>\n<li>a) R\u00e9servation pour deux jours ou moins, soit 60 % du co\u00fbt total du s\u00e9jour.<\/li>\n<li>b) R\u00e9servations pour plus de deux jours et jusqu\u2019\u00e0 sept jours, soit 50 % du co\u00fbt total du s\u00e9jour.<\/li>\n<li>c) R\u00e9servation pour plus de sept jours, soit 40 % du co\u00fbt total du s\u00e9jour.<\/li>\n<\/ul>\n<\/li>\n<\/ul>\n<p>Le d\u00e9p\u00f4t non rembours\u00e9 sera consid\u00e9r\u00e9 comme le montant retenu en raison de la p\u00e9nalit\u00e9 correspondante.<\/p>\n<p><strong>C) Indemnisation pour renonciation \u00e0 la suspension<\/strong><\/p>\n<p>Lorsque les usagers de l\u2019\u00e9tablissement quittent l\u2019unit\u00e9 r\u00e9serv\u00e9e avant la date \u00e0 laquelle ils l\u2019avaient r\u00e9serv\u00e9e, les clauses suivantes s\u2019appliquent :<\/p>\n<ul>\n<li>a) S\u00e9jour de deux jours ou moins : 100 % du co\u00fbt total du s\u00e9jour peut \u00eatre exig\u00e9<\/li>\n<li>b) S\u00e9jour de plus de deux jours et jusqu\u2019\u00e0 sept jours : 70 % du co\u00fbt total du s\u00e9jour peut \u00eatre factur\u00e9.<\/li>\n<li>c) S\u00e9jour de plus de sept jours : 60 % du prix total du s\u00e9jour peut \u00eatre exig\u00e9<\/li>\n<\/ul>\n","protected":false},"excerpt":{"rendered":"<p>I. &#8211; DONN\u00c9ES D\u2019IDENTIFICATION DE L\u2019ENTREPRISE Josep Call Prun\u00e9s Adresse postale : Casa Call 25283 OD\u00c8N T\u00e9l\u00e9phone : 689477590 E-mail : call@elcall.org &nbsp; II. &#8211; ACTIVIT\u00c9 DE LA SOCI\u00c9T\u00c9 \u00c9tablissement d\u2019h\u00e9bergement touristique, modalit\u00e9 d\u2019\u00e9tablissement du tourisme rural Identification des \u00e9tablissements : CALL 1 inscrit au Registre du Tourisme de Catalogne sous le num\u00e9ro PCC-000210 CALL [&hellip;]<\/p>\n","protected":false},"author":1,"featured_media":0,"parent":0,"menu_order":27,"comment_status":"closed","ping_status":"closed","template":"page-legal.php","meta":{"_acf_changed":false,"footnotes":""},"class_list":["post-783","page","type-page","status-publish","hentry"],"acf":[],"yoast_head":"<!-- This site is optimized with the Yoast SEO plugin v27.3 - https:\/\/yoast.com\/product\/yoast-seo-wordpress\/ -->\n<title>Avis juridique - El Call d&#039;Od\u00e8n<\/title>\n<meta name=\"robots\" content=\"index, follow, max-snippet:-1, max-image-preview:large, max-video-preview:-1\" \/>\n<link rel=\"canonical\" href=\"https:\/\/elcall.cat\/fr\/avis-juridique\/\" \/>\n<meta property=\"og:locale\" content=\"fr_FR\" \/>\n<meta property=\"og:type\" content=\"article\" \/>\n<meta property=\"og:title\" content=\"Avis juridique - El Call d&#039;Od\u00e8n\" \/>\n<meta property=\"og:description\" content=\"I. &#8211; DONN\u00c9ES D\u2019IDENTIFICATION DE L\u2019ENTREPRISE Josep Call Prun\u00e9s Adresse postale : Casa Call 25283 OD\u00c8N T\u00e9l\u00e9phone : 689477590 E-mail : call@elcall.org &nbsp; II. &#8211; ACTIVIT\u00c9 DE LA SOCI\u00c9T\u00c9 \u00c9tablissement d\u2019h\u00e9bergement touristique, modalit\u00e9 d\u2019\u00e9tablissement du tourisme rural Identification des \u00e9tablissements : CALL 1 inscrit au Registre du Tourisme de Catalogne sous le num\u00e9ro PCC-000210 CALL [&hellip;]\" \/>\n<meta property=\"og:url\" content=\"https:\/\/elcall.cat\/fr\/avis-juridique\/\" \/>\n<meta property=\"og:site_name\" content=\"El Call d&#039;Od\u00e8n\" \/>\n<meta name=\"twitter:card\" content=\"summary_large_image\" \/>\n<meta name=\"twitter:label1\" content=\"Dur\u00e9e de lecture estim\u00e9e\" \/>\n\t<meta name=\"twitter:data1\" content=\"3 minutes\" \/>\n<script type=\"application\/ld+json\" class=\"yoast-schema-graph\">{\"@context\":\"https:\\\/\\\/schema.org\",\"@graph\":[{\"@type\":\"WebPage\",\"@id\":\"https:\\\/\\\/elcall.cat\\\/fr\\\/avis-juridique\\\/\",\"url\":\"https:\\\/\\\/elcall.cat\\\/fr\\\/avis-juridique\\\/\",\"name\":\"Avis juridique - El Call d&#039;Od\u00e8n\",\"isPartOf\":{\"@id\":\"https:\\\/\\\/elcall.cat\\\/fr\\\/#website\"},\"datePublished\":\"2026-01-12T10:37:02+00:00\",\"breadcrumb\":{\"@id\":\"https:\\\/\\\/elcall.cat\\\/fr\\\/avis-juridique\\\/#breadcrumb\"},\"inLanguage\":\"fr-FR\",\"potentialAction\":[{\"@type\":\"ReadAction\",\"target\":[\"https:\\\/\\\/elcall.cat\\\/fr\\\/avis-juridique\\\/\"]}]},{\"@type\":\"BreadcrumbList\",\"@id\":\"https:\\\/\\\/elcall.cat\\\/fr\\\/avis-juridique\\\/#breadcrumb\",\"itemListElement\":[{\"@type\":\"ListItem\",\"position\":1,\"name\":\"Inici\",\"item\":\"https:\\\/\\\/elcall.cat\\\/fr\\\/accueil\\\/\"},{\"@type\":\"ListItem\",\"position\":2,\"name\":\"Avis juridique\"}]},{\"@type\":\"WebSite\",\"@id\":\"https:\\\/\\\/elcall.cat\\\/fr\\\/#website\",\"url\":\"https:\\\/\\\/elcall.cat\\\/fr\\\/\",\"name\":\"El Call d'Od\u00e8n\",\"description\":\"\",\"publisher\":{\"@id\":\"https:\\\/\\\/elcall.cat\\\/fr\\\/#organization\"},\"potentialAction\":[{\"@type\":\"SearchAction\",\"target\":{\"@type\":\"EntryPoint\",\"urlTemplate\":\"https:\\\/\\\/elcall.cat\\\/fr\\\/?s={search_term_string}\"},\"query-input\":{\"@type\":\"PropertyValueSpecification\",\"valueRequired\":true,\"valueName\":\"search_term_string\"}}],\"inLanguage\":\"fr-FR\"},{\"@type\":\"Organization\",\"@id\":\"https:\\\/\\\/elcall.cat\\\/fr\\\/#organization\",\"name\":\"El Call d'Od\u00e8n\",\"url\":\"https:\\\/\\\/elcall.cat\\\/fr\\\/\",\"logo\":{\"@type\":\"ImageObject\",\"inLanguage\":\"fr-FR\",\"@id\":\"https:\\\/\\\/elcall.cat\\\/fr\\\/#\\\/schema\\\/logo\\\/image\\\/\",\"url\":\"https:\\\/\\\/elcall.cat\\\/wp-content\\\/uploads\\\/2026\\\/03\\\/screenshot.jpg\",\"contentUrl\":\"https:\\\/\\\/elcall.cat\\\/wp-content\\\/uploads\\\/2026\\\/03\\\/screenshot.jpg\",\"width\":1200,\"height\":900,\"caption\":\"El Call d'Od\u00e8n\"},\"image\":{\"@id\":\"https:\\\/\\\/elcall.cat\\\/fr\\\/#\\\/schema\\\/logo\\\/image\\\/\"}}]}<\/script>\n<!-- \/ Yoast SEO plugin. -->","yoast_head_json":{"title":"Avis juridique - El Call d&#039;Od\u00e8n","robots":{"index":"index","follow":"follow","max-snippet":"max-snippet:-1","max-image-preview":"max-image-preview:large","max-video-preview":"max-video-preview:-1"},"canonical":"https:\/\/elcall.cat\/fr\/avis-juridique\/","og_locale":"fr_FR","og_type":"article","og_title":"Avis juridique - El Call d&#039;Od\u00e8n","og_description":"I. &#8211; DONN\u00c9ES D\u2019IDENTIFICATION DE L\u2019ENTREPRISE Josep Call Prun\u00e9s Adresse postale : Casa Call 25283 OD\u00c8N T\u00e9l\u00e9phone : 689477590 E-mail : call@elcall.org &nbsp; II. &#8211; ACTIVIT\u00c9 DE LA SOCI\u00c9T\u00c9 \u00c9tablissement d\u2019h\u00e9bergement touristique, modalit\u00e9 d\u2019\u00e9tablissement du tourisme rural Identification des \u00e9tablissements : CALL 1 inscrit au Registre du Tourisme de Catalogne sous le num\u00e9ro PCC-000210 CALL [&hellip;]","og_url":"https:\/\/elcall.cat\/fr\/avis-juridique\/","og_site_name":"El Call d&#039;Od\u00e8n","twitter_card":"summary_large_image","twitter_misc":{"Dur\u00e9e de lecture estim\u00e9e":"3 minutes"},"schema":{"@context":"https:\/\/schema.org","@graph":[{"@type":"WebPage","@id":"https:\/\/elcall.cat\/fr\/avis-juridique\/","url":"https:\/\/elcall.cat\/fr\/avis-juridique\/","name":"Avis juridique - El Call d&#039;Od\u00e8n","isPartOf":{"@id":"https:\/\/elcall.cat\/fr\/#website"},"datePublished":"2026-01-12T10:37:02+00:00","breadcrumb":{"@id":"https:\/\/elcall.cat\/fr\/avis-juridique\/#breadcrumb"},"inLanguage":"fr-FR","potentialAction":[{"@type":"ReadAction","target":["https:\/\/elcall.cat\/fr\/avis-juridique\/"]}]},{"@type":"BreadcrumbList","@id":"https:\/\/elcall.cat\/fr\/avis-juridique\/#breadcrumb","itemListElement":[{"@type":"ListItem","position":1,"name":"Inici","item":"https:\/\/elcall.cat\/fr\/accueil\/"},{"@type":"ListItem","position":2,"name":"Avis juridique"}]},{"@type":"WebSite","@id":"https:\/\/elcall.cat\/fr\/#website","url":"https:\/\/elcall.cat\/fr\/","name":"El Call d'Od\u00e8n","description":"","publisher":{"@id":"https:\/\/elcall.cat\/fr\/#organization"},"potentialAction":[{"@type":"SearchAction","target":{"@type":"EntryPoint","urlTemplate":"https:\/\/elcall.cat\/fr\/?s={search_term_string}"},"query-input":{"@type":"PropertyValueSpecification","valueRequired":true,"valueName":"search_term_string"}}],"inLanguage":"fr-FR"},{"@type":"Organization","@id":"https:\/\/elcall.cat\/fr\/#organization","name":"El Call d'Od\u00e8n","url":"https:\/\/elcall.cat\/fr\/","logo":{"@type":"ImageObject","inLanguage":"fr-FR","@id":"https:\/\/elcall.cat\/fr\/#\/schema\/logo\/image\/","url":"https:\/\/elcall.cat\/wp-content\/uploads\/2026\/03\/screenshot.jpg","contentUrl":"https:\/\/elcall.cat\/wp-content\/uploads\/2026\/03\/screenshot.jpg","width":1200,"height":900,"caption":"El Call d'Od\u00e8n"},"image":{"@id":"https:\/\/elcall.cat\/fr\/#\/schema\/logo\/image\/"}}]}},"_links":{"self":[{"href":"https:\/\/elcall.cat\/fr\/wp-json\/wp\/v2\/pages\/783","targetHints":{"allow":["GET"]}}],"collection":[{"href":"https:\/\/elcall.cat\/fr\/wp-json\/wp\/v2\/pages"}],"about":[{"href":"https:\/\/elcall.cat\/fr\/wp-json\/wp\/v2\/types\/page"}],"author":[{"embeddable":true,"href":"https:\/\/elcall.cat\/fr\/wp-json\/wp\/v2\/users\/1"}],"replies":[{"embeddable":true,"href":"https:\/\/elcall.cat\/fr\/wp-json\/wp\/v2\/comments?post=783"}],"version-history":[{"count":0,"href":"https:\/\/elcall.cat\/fr\/wp-json\/wp\/v2\/pages\/783\/revisions"}],"wp:attachment":[{"href":"https:\/\/elcall.cat\/fr\/wp-json\/wp\/v2\/media?parent=783"}],"curies":[{"name":"wp","href":"https:\/\/api.w.org\/{rel}","templated":true}]}}