{"id":780,"date":"2026-01-12T12:36:52","date_gmt":"2026-01-12T10:36:52","guid":{"rendered":"https:\/\/elcall.cat\/politique-des-cookies\/"},"modified":"2026-01-12T12:36:52","modified_gmt":"2026-01-12T10:36:52","slug":"politique-des-cookies","status":"publish","type":"page","link":"https:\/\/elcall.cat\/fr\/politique-des-cookies\/","title":{"rendered":"Politique des cookies"},"content":{"rendered":"<p>L\u2019entreprise se r\u00e9serve le droit d\u2019utiliser la technologie \u00ab cookie \u00bb sur le site afin de vous reconna\u00eetre comme un utilisateur r\u00e9gulier et de personnaliser votre utilisation du site en pr\u00e9s\u00e9lectionnant le contenu pr\u00e9f\u00e9r\u00e9.<br \/>\nLes cookies sont des fichiers envoy\u00e9s au navigateur via un serveur web. Si vous le souhaitez, vous pouvez configurer votre navigateur pour vous notifier de la r\u00e9ception des cookies et emp\u00eacher leur installation sur votre ordinateur. Consultez le manuel de votre navigateur pour plus d\u2019informations.<br \/>\nLes cookies collectent l\u2019adresse IP de l\u2019utilisateur et permettent le profilage ainsi que le suivi de la progression et du nombre de visites utilisateur.<\/p>\n<p>&nbsp;<\/p>\n<p><strong>Qu\u2019est-ce que les cookies ?<\/strong><\/p>\n<p>Les cookies sont de petits fichiers texte stock\u00e9s dans votre navigateur lorsque vous visitez un site web. Ils servent \u00e0 reconna\u00eetre votre visite, \u00e0 m\u00e9moriser vos pr\u00e9f\u00e9rences et \u00e0 faciliter la navigation. Les cookies peuvent \u00eatre les n\u00f4tres (de notre site web) ou de tiers.  <\/p>\n<p>&nbsp;<\/p>\n<p><strong>Pourquoi utilisons-nous des cookies ?<\/strong><\/p>\n<p>Sur notre site web, nous utilisons des cookies \u00e0 diverses fins, notamment :<br \/>\n Cookies n\u00e9cessaires : Ces cookies sont essentiels au fonctionnement du site et permettent d\u2019acc\u00e9der \u00e0 des zones s\u00e9curis\u00e9es, telles que les formulaires de r\u00e9servation.<br \/>\nCookies de pr\u00e9f\u00e9rences : Ils m\u00e9morisent vos choix (langue, pr\u00e9f\u00e9rences de vision, etc.) pour vous offrir une exp\u00e9rience plus personnalis\u00e9e.<br \/>\nCookies analytiques : Ils nous aident \u00e0 comprendre comment les utilisateurs interagissent avec notre site, quelles sections ils visitent le plus, et ainsi \u00e0 pouvoir am\u00e9liorer le site. Nous utilisons Google Analytics pour collecter ces informations de mani\u00e8re anonyme.<br \/>\nCookies marketing : Nous utilisons ces cookies pour afficher des publicit\u00e9s susceptibles d\u2019int\u00e9resser, bas\u00e9es sur vos visites pr\u00e9c\u00e9dentes sur notre site web et d\u2019autres sites. <\/p>\n<p>&nbsp;<\/p>\n<p><strong>Types de cookies que nous utilisons<\/strong><\/p>\n<p>&#8211;<\/p>\n<p>&nbsp;<\/p>\n<p><strong>Comment g\u00e9rer les cookies ?<\/strong><\/p>\n<p>Vous pouvez ajuster vos pr\u00e9f\u00e9rences de cookies ou les d\u00e9sactiver \u00e0 tout moment via les param\u00e8tres de votre navigateur. Veuillez noter que d\u00e9sactiver certains cookies peut affecter le fonctionnement de notre site web et limiter certaines fonctionnalit\u00e9s. <\/p>\n<p>&nbsp;<\/p>\n<p><strong>Modifications de notre politique sur les cookies<\/strong><\/p>\n<p>Nous pouvons mettre \u00e0 jour cette politique sur les cookies de temps en temps pour l\u2019adapter aux r\u00e9glementations actuelles ou am\u00e9liorer votre exp\u00e9rience. Nous vous recommandons de consulter cette page p\u00e9riodiquement pour \u00eatre inform\u00e9 de tout changement. <\/p>\n","protected":false},"excerpt":{"rendered":"<p>L\u2019entreprise se r\u00e9serve le droit d\u2019utiliser la technologie \u00ab cookie \u00bb sur le site afin de vous reconna\u00eetre comme un utilisateur r\u00e9gulier et de personnaliser votre utilisation du site en pr\u00e9s\u00e9lectionnant le contenu pr\u00e9f\u00e9r\u00e9. Les cookies sont des fichiers envoy\u00e9s au navigateur via un serveur web. Si vous le souhaitez, vous pouvez configurer votre navigateur [&hellip;]<\/p>\n","protected":false},"author":1,"featured_media":0,"parent":0,"menu_order":26,"comment_status":"closed","ping_status":"closed","template":"page-legal.php","meta":{"_acf_changed":false,"footnotes":""},"class_list":["post-780","page","type-page","status-publish","hentry"],"acf":[],"yoast_head":"<!-- This site is optimized with the Yoast SEO plugin v27.3 - https:\/\/yoast.com\/product\/yoast-seo-wordpress\/ -->\n<title>Politique des cookies - El Call d&#039;Od\u00e8n<\/title>\n<meta name=\"robots\" content=\"index, follow, max-snippet:-1, max-image-preview:large, max-video-preview:-1\" \/>\n<link rel=\"canonical\" href=\"https:\/\/elcall.cat\/fr\/politique-des-cookies\/\" \/>\n<meta property=\"og:locale\" content=\"fr_FR\" \/>\n<meta property=\"og:type\" content=\"article\" \/>\n<meta property=\"og:title\" content=\"Politique des cookies - El Call d&#039;Od\u00e8n\" \/>\n<meta property=\"og:description\" content=\"L\u2019entreprise se r\u00e9serve le droit d\u2019utiliser la technologie \u00ab cookie \u00bb sur le site afin de vous reconna\u00eetre comme un utilisateur r\u00e9gulier et de personnaliser votre utilisation du site en pr\u00e9s\u00e9lectionnant le contenu pr\u00e9f\u00e9r\u00e9. Les cookies sont des fichiers envoy\u00e9s au navigateur via un serveur web. Si vous le souhaitez, vous pouvez configurer votre navigateur [&hellip;]\" \/>\n<meta property=\"og:url\" content=\"https:\/\/elcall.cat\/fr\/politique-des-cookies\/\" \/>\n<meta property=\"og:site_name\" content=\"El Call d&#039;Od\u00e8n\" \/>\n<meta name=\"twitter:card\" content=\"summary_large_image\" \/>\n<meta name=\"twitter:label1\" content=\"Dur\u00e9e de lecture estim\u00e9e\" \/>\n\t<meta name=\"twitter:data1\" content=\"2 minutes\" \/>\n<script type=\"application\/ld+json\" class=\"yoast-schema-graph\">{\"@context\":\"https:\\\/\\\/schema.org\",\"@graph\":[{\"@type\":\"WebPage\",\"@id\":\"https:\\\/\\\/elcall.cat\\\/fr\\\/politique-des-cookies\\\/\",\"url\":\"https:\\\/\\\/elcall.cat\\\/fr\\\/politique-des-cookies\\\/\",\"name\":\"Politique des cookies - El Call d&#039;Od\u00e8n\",\"isPartOf\":{\"@id\":\"https:\\\/\\\/elcall.cat\\\/fr\\\/#website\"},\"datePublished\":\"2026-01-12T10:36:52+00:00\",\"breadcrumb\":{\"@id\":\"https:\\\/\\\/elcall.cat\\\/fr\\\/politique-des-cookies\\\/#breadcrumb\"},\"inLanguage\":\"fr-FR\",\"potentialAction\":[{\"@type\":\"ReadAction\",\"target\":[\"https:\\\/\\\/elcall.cat\\\/fr\\\/politique-des-cookies\\\/\"]}]},{\"@type\":\"BreadcrumbList\",\"@id\":\"https:\\\/\\\/elcall.cat\\\/fr\\\/politique-des-cookies\\\/#breadcrumb\",\"itemListElement\":[{\"@type\":\"ListItem\",\"position\":1,\"name\":\"Inici\",\"item\":\"https:\\\/\\\/elcall.cat\\\/fr\\\/accueil\\\/\"},{\"@type\":\"ListItem\",\"position\":2,\"name\":\"Politique des cookies\"}]},{\"@type\":\"WebSite\",\"@id\":\"https:\\\/\\\/elcall.cat\\\/fr\\\/#website\",\"url\":\"https:\\\/\\\/elcall.cat\\\/fr\\\/\",\"name\":\"El Call d'Od\u00e8n\",\"description\":\"\",\"publisher\":{\"@id\":\"https:\\\/\\\/elcall.cat\\\/fr\\\/#organization\"},\"potentialAction\":[{\"@type\":\"SearchAction\",\"target\":{\"@type\":\"EntryPoint\",\"urlTemplate\":\"https:\\\/\\\/elcall.cat\\\/fr\\\/?s={search_term_string}\"},\"query-input\":{\"@type\":\"PropertyValueSpecification\",\"valueRequired\":true,\"valueName\":\"search_term_string\"}}],\"inLanguage\":\"fr-FR\"},{\"@type\":\"Organization\",\"@id\":\"https:\\\/\\\/elcall.cat\\\/fr\\\/#organization\",\"name\":\"El Call d'Od\u00e8n\",\"url\":\"https:\\\/\\\/elcall.cat\\\/fr\\\/\",\"logo\":{\"@type\":\"ImageObject\",\"inLanguage\":\"fr-FR\",\"@id\":\"https:\\\/\\\/elcall.cat\\\/fr\\\/#\\\/schema\\\/logo\\\/image\\\/\",\"url\":\"https:\\\/\\\/elcall.cat\\\/wp-content\\\/uploads\\\/2026\\\/03\\\/screenshot.jpg\",\"contentUrl\":\"https:\\\/\\\/elcall.cat\\\/wp-content\\\/uploads\\\/2026\\\/03\\\/screenshot.jpg\",\"width\":1200,\"height\":900,\"caption\":\"El Call d'Od\u00e8n\"},\"image\":{\"@id\":\"https:\\\/\\\/elcall.cat\\\/fr\\\/#\\\/schema\\\/logo\\\/image\\\/\"}}]}<\/script>\n<!-- \/ Yoast SEO plugin. -->","yoast_head_json":{"title":"Politique des cookies - El Call d&#039;Od\u00e8n","robots":{"index":"index","follow":"follow","max-snippet":"max-snippet:-1","max-image-preview":"max-image-preview:large","max-video-preview":"max-video-preview:-1"},"canonical":"https:\/\/elcall.cat\/fr\/politique-des-cookies\/","og_locale":"fr_FR","og_type":"article","og_title":"Politique des cookies - El Call d&#039;Od\u00e8n","og_description":"L\u2019entreprise se r\u00e9serve le droit d\u2019utiliser la technologie \u00ab cookie \u00bb sur le site afin de vous reconna\u00eetre comme un utilisateur r\u00e9gulier et de personnaliser votre utilisation du site en pr\u00e9s\u00e9lectionnant le contenu pr\u00e9f\u00e9r\u00e9. Les cookies sont des fichiers envoy\u00e9s au navigateur via un serveur web. Si vous le souhaitez, vous pouvez configurer votre navigateur [&hellip;]","og_url":"https:\/\/elcall.cat\/fr\/politique-des-cookies\/","og_site_name":"El Call d&#039;Od\u00e8n","twitter_card":"summary_large_image","twitter_misc":{"Dur\u00e9e de lecture estim\u00e9e":"2 minutes"},"schema":{"@context":"https:\/\/schema.org","@graph":[{"@type":"WebPage","@id":"https:\/\/elcall.cat\/fr\/politique-des-cookies\/","url":"https:\/\/elcall.cat\/fr\/politique-des-cookies\/","name":"Politique des cookies - El Call d&#039;Od\u00e8n","isPartOf":{"@id":"https:\/\/elcall.cat\/fr\/#website"},"datePublished":"2026-01-12T10:36:52+00:00","breadcrumb":{"@id":"https:\/\/elcall.cat\/fr\/politique-des-cookies\/#breadcrumb"},"inLanguage":"fr-FR","potentialAction":[{"@type":"ReadAction","target":["https:\/\/elcall.cat\/fr\/politique-des-cookies\/"]}]},{"@type":"BreadcrumbList","@id":"https:\/\/elcall.cat\/fr\/politique-des-cookies\/#breadcrumb","itemListElement":[{"@type":"ListItem","position":1,"name":"Inici","item":"https:\/\/elcall.cat\/fr\/accueil\/"},{"@type":"ListItem","position":2,"name":"Politique des cookies"}]},{"@type":"WebSite","@id":"https:\/\/elcall.cat\/fr\/#website","url":"https:\/\/elcall.cat\/fr\/","name":"El Call d'Od\u00e8n","description":"","publisher":{"@id":"https:\/\/elcall.cat\/fr\/#organization"},"potentialAction":[{"@type":"SearchAction","target":{"@type":"EntryPoint","urlTemplate":"https:\/\/elcall.cat\/fr\/?s={search_term_string}"},"query-input":{"@type":"PropertyValueSpecification","valueRequired":true,"valueName":"search_term_string"}}],"inLanguage":"fr-FR"},{"@type":"Organization","@id":"https:\/\/elcall.cat\/fr\/#organization","name":"El Call d'Od\u00e8n","url":"https:\/\/elcall.cat\/fr\/","logo":{"@type":"ImageObject","inLanguage":"fr-FR","@id":"https:\/\/elcall.cat\/fr\/#\/schema\/logo\/image\/","url":"https:\/\/elcall.cat\/wp-content\/uploads\/2026\/03\/screenshot.jpg","contentUrl":"https:\/\/elcall.cat\/wp-content\/uploads\/2026\/03\/screenshot.jpg","width":1200,"height":900,"caption":"El Call d'Od\u00e8n"},"image":{"@id":"https:\/\/elcall.cat\/fr\/#\/schema\/logo\/image\/"}}]}},"_links":{"self":[{"href":"https:\/\/elcall.cat\/fr\/wp-json\/wp\/v2\/pages\/780","targetHints":{"allow":["GET"]}}],"collection":[{"href":"https:\/\/elcall.cat\/fr\/wp-json\/wp\/v2\/pages"}],"about":[{"href":"https:\/\/elcall.cat\/fr\/wp-json\/wp\/v2\/types\/page"}],"author":[{"embeddable":true,"href":"https:\/\/elcall.cat\/fr\/wp-json\/wp\/v2\/users\/1"}],"replies":[{"embeddable":true,"href":"https:\/\/elcall.cat\/fr\/wp-json\/wp\/v2\/comments?post=780"}],"version-history":[{"count":0,"href":"https:\/\/elcall.cat\/fr\/wp-json\/wp\/v2\/pages\/780\/revisions"}],"wp:attachment":[{"href":"https:\/\/elcall.cat\/fr\/wp-json\/wp\/v2\/media?parent=780"}],"curies":[{"name":"wp","href":"https:\/\/api.w.org\/{rel}","templated":true}]}}