{"id":777,"date":"2026-01-12T12:36:45","date_gmt":"2026-01-12T10:36:45","guid":{"rendered":"https:\/\/elcall.cat\/politique-de-confidentialite\/"},"modified":"2026-01-12T12:36:45","modified_gmt":"2026-01-12T10:36:45","slug":"politique-de-confidentialite","status":"publish","type":"page","link":"https:\/\/elcall.cat\/fr\/politique-de-confidentialite\/","title":{"rendered":"Politique de confidentialit\u00e9"},"content":{"rendered":"<p><strong>I. &#8211; Qui est responsable du traitement de vos donn\u00e9es ?<\/strong><\/p>\n<p>Josep Call Prun\u00e9s<br \/>\nAdresse postale : Casa Call 25283 OD\u00c8N<br \/>\nT\u00e9l\u00e9phone : 689477590<br \/>\nE-mail : call@elcall.org<\/p>\n<p>&nbsp;<\/p>\n<p><strong>II. &#8211; Dans quel but traitons-nous vos donn\u00e9es personnelles ?<\/strong><\/p>\n<p>Les informations fournies par les parties int\u00e9ress\u00e9es sont utilis\u00e9es \u00e0 des fins suivantes :<\/p>\n<ul>\n<li>F1 Raison contractuelle. Nous traitons les donn\u00e9es personnelles n\u00e9cessaires \u00e0 la formalisation du contrat de prestation du service d\u2019h\u00e9bergement touristique. <\/li>\n<li>F2 Objectif l\u00e9gal. Vos donn\u00e9es personnelles sont \u00e9galement trait\u00e9es conform\u00e9ment aux dispositions des r\u00e9glementations sectorielles, en particulier :\n<ul>\n<li>R\u00e9glementation fiscale<\/li>\n<li>R\u00e9glementations commerciales<\/li>\n<li>R\u00e9glementation de la s\u00e9curit\u00e9 citoyenne (obligation de s\u2019enregistrer dans les \u00e9tablissements d\u2019h\u00e9bergement)<\/li>\n<\/ul>\n<\/li>\n<li>F3 \u00c0 but commercial. Si vous nous donnez votre consentement, nous vous enverrons des informations sur notre \u00e9tablissement (actualit\u00e9s, activit\u00e9s, cadeaux ou promotions) par e-mail. <\/li>\n<\/ul>\n<p>&nbsp;<\/p>\n<p><strong>III. &#8211; Combien de temps allons-nous garder vos donn\u00e9es ?<\/strong><\/p>\n<p>Les donn\u00e9es personnelles fournies seront conserv\u00e9es pour les p\u00e9riodes indiqu\u00e9es ci-dessous :<\/p>\n<ul>\n<li>Les donn\u00e9es ayant un but contractuel et juridique (fiscal et commercial) seront conserv\u00e9es pendant une p\u00e9riode de 5 ans.<\/li>\n<li>Les donn\u00e9es et documents n\u00e9cessaires pour se conformer aux r\u00e9glementations de s\u00e9curit\u00e9 publique seront conserv\u00e9s pendant une p\u00e9riode de 3 ans.<\/li>\n<li>Nous traiterons les donn\u00e9es que vous nous fournissez \u00e0 des fins commerciales pendant une p\u00e9riode de 5 ans \u00e0 compter de la derni\u00e8re confirmation d\u2019int\u00e9r\u00eat, tant que vous ne demandez pas \u00e0 l\u2019avance leur suppression ou leur annulation.<\/li>\n<\/ul>\n<p>&nbsp;<\/p>\n<p><strong>IV. &#8211; Quelle est la l\u00e9gitimit\u00e9 du traitement de vos donn\u00e9es ?<\/strong><\/p>\n<ul>\n<li>En ce qui concerne les objectifs contractuels, la base juridique du traitement de vos donn\u00e9es est le respect du contrat de prestation du service d\u2019h\u00e9bergement touristique (y compris la gestion pr\u00e9contractuelle), conform\u00e9ment au r\u00e9gime juridique \u00e9tabli par le d\u00e9cret 75\/2020 du 4 ao\u00fbt sur le tourisme en Catalogne.<\/li>\n<li>Quant \u00e0 l\u2019objectif juridique, la base l\u00e9gale du traitement de vos donn\u00e9es est la suivante :\n<ul>\n<li>R\u00e9glementations fiscales (g\u00e9n\u00e9rales, facturation et celles sp\u00e9cifiques \u00e0 chaque taxe)<\/li>\n<li>R\u00e9glementations commerciales<\/li>\n<li>le r\u00e8glement sur la s\u00e9curit\u00e9 citoyenne : d\u00e9cret royal 933\/2021, du 26 octobre, qui \u00e9tablit les obligations d\u2019enregistrement documentaire et d\u2019information des personnes physiques ou morales exer\u00e7ant des activit\u00e9s d\u2019h\u00e9bergement et de location de v\u00e9hicules motoris\u00e9s.<\/li>\n<\/ul>\n<\/li>\n<li>En ce qui concerne le but commercial, la base l\u00e9gale du traitement des donn\u00e9es est votre consentement, que vous pouvez retirer \u00e0 tout moment.<\/li>\n<\/ul>\n<p>&nbsp;<\/p>\n<p><strong>V. &#8211; \u00c0 quels destinataires vos donn\u00e9es seront-elles communiqu\u00e9es ?<\/strong><\/p>\n<p>Conform\u00e9ment aux dispositions des r\u00e9glementations sectorielles, vos donn\u00e9es ne seront communiqu\u00e9es qu\u2019aux organismes de l\u2019Administration publique comp\u00e9tents pour les traiter. Les donn\u00e9es ne seront pas communiqu\u00e9es \u00e0 d\u2019autres entreprises ou tiers, ni transf\u00e9r\u00e9es \u00e0 un pays tiers ou \u00e0 une organisation internationale. <\/p>\n<p>&nbsp;<\/p>\n<p><strong>VI. &#8211; Quels sont vos droits ?<\/strong><\/p>\n<ul>\n<li>Toute personne a le droit d\u2019obtenir une confirmation quant \u00e0 l\u2019existence ou non de donn\u00e9es personnelles \u00e0 son sujet.<\/li>\n<li>Les personnes concern\u00e9es ont le droit d\u2019acc\u00e9der \u00e0 leurs donn\u00e9es personnelles, ainsi que de demander la rectification de donn\u00e9es inexactes ou, le cas appropri\u00e9, de demander leur suppression, entre autres raisons, lorsque ces donn\u00e9es ne sont plus n\u00e9cessaires aux fins pour lesquelles elles ont \u00e9t\u00e9 collect\u00e9es.<\/li>\n<li>Dans certaines circonstances pr\u00e9vues \u00e0 l\u2019article 18 du R\u00e8glement g\u00e9n\u00e9ral sur la protection des donn\u00e9es, les parties int\u00e9ress\u00e9es peuvent demander la limitation du traitement de leurs donn\u00e9es.<\/li>\n<li>Les personnes concern\u00e9es peuvent s\u2019opposer au traitement de leurs donn\u00e9es. Le responsable du traitement des donn\u00e9es cessera de traiter les donn\u00e9es, sauf pour des raisons l\u00e9gitimes imp\u00e9rieuses ou pour exercer ou d\u00e9fendre d\u2019\u00e9ventuelles r\u00e9clamations. <\/li>\n<\/ul>\n<p>&nbsp;<\/p>\n<p><strong>VII.- Comment pouvez-vous exercer vos droits ?<\/strong><\/p>\n<ul>\n<li>En \u00e9crivant \u00e0 Josep Call Prun\u00e9s, Casa Call 25283 OD\u00c8N<\/li>\n<li>En \u00e9crivant \u00e0 l\u2019adresse email suivante : call@elcall.org<\/li>\n<li>Via le formulaire \u00e9lectronique disponible \u00e0 : https:\/\/elcall.cat<\/li>\n<\/ul>\n<p>&nbsp;<\/p>\n<p><strong>VIII. &#8211; Quels moyens de revendication existent-ils ?<\/strong><\/p>\n<p>Si vous consid\u00e9rez que vos droits n\u2019ont pas \u00e9t\u00e9 suffisamment respect\u00e9s, vous avez le droit de d\u00e9poser une plainte aupr\u00e8s de l\u2019Agence espagnole de protection des donn\u00e9es (AEPD).<\/p>\n<p>&nbsp;<\/p>\n<p><strong>IX.- R\u00e9glementations de r\u00e9gulation<\/strong><\/p>\n<ul>\n<li>R\u00e8glement (UE) 2016\/679 du Parlement europ\u00e9en et du Conseil du 27 avril 2016 (R\u00e8glement g\u00e9n\u00e9ral sur la protection des donn\u00e9es, RGPD)<\/li>\n<li>Loi organique 3\/2018, du 5 d\u00e9cembre, sur la protection des donn\u00e9es personnelles et la garantie des droits num\u00e9riques (LOPDGDD)<\/li>\n<\/ul>\n","protected":false},"excerpt":{"rendered":"<p>I. &#8211; Qui est responsable du traitement de vos donn\u00e9es ? Josep Call Prun\u00e9s Adresse postale : Casa Call 25283 OD\u00c8N T\u00e9l\u00e9phone : 689477590 E-mail : call@elcall.org &nbsp; II. &#8211; Dans quel but traitons-nous vos donn\u00e9es personnelles ? Les informations fournies par les parties int\u00e9ress\u00e9es sont utilis\u00e9es \u00e0 des fins suivantes : F1 Raison contractuelle. [&hellip;]<\/p>\n","protected":false},"author":1,"featured_media":0,"parent":0,"menu_order":25,"comment_status":"closed","ping_status":"closed","template":"page-legal.php","meta":{"_acf_changed":false,"footnotes":""},"class_list":["post-777","page","type-page","status-publish","hentry"],"acf":[],"yoast_head":"<!-- This site is optimized with the Yoast SEO plugin v27.3 - https:\/\/yoast.com\/product\/yoast-seo-wordpress\/ -->\n<title>Politique de confidentialit\u00e9 - El Call d&#039;Od\u00e8n<\/title>\n<meta name=\"robots\" content=\"index, follow, max-snippet:-1, max-image-preview:large, max-video-preview:-1\" \/>\n<link rel=\"canonical\" href=\"https:\/\/elcall.cat\/fr\/politique-de-confidentialite\/\" \/>\n<meta property=\"og:locale\" content=\"fr_FR\" \/>\n<meta property=\"og:type\" content=\"article\" \/>\n<meta property=\"og:title\" content=\"Politique de confidentialit\u00e9 - El Call d&#039;Od\u00e8n\" \/>\n<meta property=\"og:description\" content=\"I. &#8211; Qui est responsable du traitement de vos donn\u00e9es ? Josep Call Prun\u00e9s Adresse postale : Casa Call 25283 OD\u00c8N T\u00e9l\u00e9phone : 689477590 E-mail : call@elcall.org &nbsp; II. &#8211; Dans quel but traitons-nous vos donn\u00e9es personnelles ? Les informations fournies par les parties int\u00e9ress\u00e9es sont utilis\u00e9es \u00e0 des fins suivantes : F1 Raison contractuelle. [&hellip;]\" \/>\n<meta property=\"og:url\" content=\"https:\/\/elcall.cat\/fr\/politique-de-confidentialite\/\" \/>\n<meta property=\"og:site_name\" content=\"El Call d&#039;Od\u00e8n\" \/>\n<meta name=\"twitter:card\" content=\"summary_large_image\" \/>\n<meta name=\"twitter:label1\" content=\"Dur\u00e9e de lecture estim\u00e9e\" \/>\n\t<meta name=\"twitter:data1\" content=\"4 minutes\" \/>\n<script type=\"application\/ld+json\" class=\"yoast-schema-graph\">{\"@context\":\"https:\\\/\\\/schema.org\",\"@graph\":[{\"@type\":\"WebPage\",\"@id\":\"https:\\\/\\\/elcall.cat\\\/fr\\\/politique-de-confidentialite\\\/\",\"url\":\"https:\\\/\\\/elcall.cat\\\/fr\\\/politique-de-confidentialite\\\/\",\"name\":\"Politique de confidentialit\u00e9 - El Call d&#039;Od\u00e8n\",\"isPartOf\":{\"@id\":\"https:\\\/\\\/elcall.cat\\\/fr\\\/#website\"},\"datePublished\":\"2026-01-12T10:36:45+00:00\",\"breadcrumb\":{\"@id\":\"https:\\\/\\\/elcall.cat\\\/fr\\\/politique-de-confidentialite\\\/#breadcrumb\"},\"inLanguage\":\"fr-FR\",\"potentialAction\":[{\"@type\":\"ReadAction\",\"target\":[\"https:\\\/\\\/elcall.cat\\\/fr\\\/politique-de-confidentialite\\\/\"]}]},{\"@type\":\"BreadcrumbList\",\"@id\":\"https:\\\/\\\/elcall.cat\\\/fr\\\/politique-de-confidentialite\\\/#breadcrumb\",\"itemListElement\":[{\"@type\":\"ListItem\",\"position\":1,\"name\":\"Inici\",\"item\":\"https:\\\/\\\/elcall.cat\\\/fr\\\/accueil\\\/\"},{\"@type\":\"ListItem\",\"position\":2,\"name\":\"Politique de confidentialit\u00e9\"}]},{\"@type\":\"WebSite\",\"@id\":\"https:\\\/\\\/elcall.cat\\\/fr\\\/#website\",\"url\":\"https:\\\/\\\/elcall.cat\\\/fr\\\/\",\"name\":\"El Call d'Od\u00e8n\",\"description\":\"\",\"publisher\":{\"@id\":\"https:\\\/\\\/elcall.cat\\\/fr\\\/#organization\"},\"potentialAction\":[{\"@type\":\"SearchAction\",\"target\":{\"@type\":\"EntryPoint\",\"urlTemplate\":\"https:\\\/\\\/elcall.cat\\\/fr\\\/?s={search_term_string}\"},\"query-input\":{\"@type\":\"PropertyValueSpecification\",\"valueRequired\":true,\"valueName\":\"search_term_string\"}}],\"inLanguage\":\"fr-FR\"},{\"@type\":\"Organization\",\"@id\":\"https:\\\/\\\/elcall.cat\\\/fr\\\/#organization\",\"name\":\"El Call d'Od\u00e8n\",\"url\":\"https:\\\/\\\/elcall.cat\\\/fr\\\/\",\"logo\":{\"@type\":\"ImageObject\",\"inLanguage\":\"fr-FR\",\"@id\":\"https:\\\/\\\/elcall.cat\\\/fr\\\/#\\\/schema\\\/logo\\\/image\\\/\",\"url\":\"https:\\\/\\\/elcall.cat\\\/wp-content\\\/uploads\\\/2026\\\/03\\\/screenshot.jpg\",\"contentUrl\":\"https:\\\/\\\/elcall.cat\\\/wp-content\\\/uploads\\\/2026\\\/03\\\/screenshot.jpg\",\"width\":1200,\"height\":900,\"caption\":\"El Call d'Od\u00e8n\"},\"image\":{\"@id\":\"https:\\\/\\\/elcall.cat\\\/fr\\\/#\\\/schema\\\/logo\\\/image\\\/\"}}]}<\/script>\n<!-- \/ Yoast SEO plugin. -->","yoast_head_json":{"title":"Politique de confidentialit\u00e9 - El Call d&#039;Od\u00e8n","robots":{"index":"index","follow":"follow","max-snippet":"max-snippet:-1","max-image-preview":"max-image-preview:large","max-video-preview":"max-video-preview:-1"},"canonical":"https:\/\/elcall.cat\/fr\/politique-de-confidentialite\/","og_locale":"fr_FR","og_type":"article","og_title":"Politique de confidentialit\u00e9 - El Call d&#039;Od\u00e8n","og_description":"I. &#8211; Qui est responsable du traitement de vos donn\u00e9es ? Josep Call Prun\u00e9s Adresse postale : Casa Call 25283 OD\u00c8N T\u00e9l\u00e9phone : 689477590 E-mail : call@elcall.org &nbsp; II. &#8211; Dans quel but traitons-nous vos donn\u00e9es personnelles ? Les informations fournies par les parties int\u00e9ress\u00e9es sont utilis\u00e9es \u00e0 des fins suivantes : F1 Raison contractuelle. [&hellip;]","og_url":"https:\/\/elcall.cat\/fr\/politique-de-confidentialite\/","og_site_name":"El Call d&#039;Od\u00e8n","twitter_card":"summary_large_image","twitter_misc":{"Dur\u00e9e de lecture estim\u00e9e":"4 minutes"},"schema":{"@context":"https:\/\/schema.org","@graph":[{"@type":"WebPage","@id":"https:\/\/elcall.cat\/fr\/politique-de-confidentialite\/","url":"https:\/\/elcall.cat\/fr\/politique-de-confidentialite\/","name":"Politique de confidentialit\u00e9 - El Call d&#039;Od\u00e8n","isPartOf":{"@id":"https:\/\/elcall.cat\/fr\/#website"},"datePublished":"2026-01-12T10:36:45+00:00","breadcrumb":{"@id":"https:\/\/elcall.cat\/fr\/politique-de-confidentialite\/#breadcrumb"},"inLanguage":"fr-FR","potentialAction":[{"@type":"ReadAction","target":["https:\/\/elcall.cat\/fr\/politique-de-confidentialite\/"]}]},{"@type":"BreadcrumbList","@id":"https:\/\/elcall.cat\/fr\/politique-de-confidentialite\/#breadcrumb","itemListElement":[{"@type":"ListItem","position":1,"name":"Inici","item":"https:\/\/elcall.cat\/fr\/accueil\/"},{"@type":"ListItem","position":2,"name":"Politique de confidentialit\u00e9"}]},{"@type":"WebSite","@id":"https:\/\/elcall.cat\/fr\/#website","url":"https:\/\/elcall.cat\/fr\/","name":"El Call d'Od\u00e8n","description":"","publisher":{"@id":"https:\/\/elcall.cat\/fr\/#organization"},"potentialAction":[{"@type":"SearchAction","target":{"@type":"EntryPoint","urlTemplate":"https:\/\/elcall.cat\/fr\/?s={search_term_string}"},"query-input":{"@type":"PropertyValueSpecification","valueRequired":true,"valueName":"search_term_string"}}],"inLanguage":"fr-FR"},{"@type":"Organization","@id":"https:\/\/elcall.cat\/fr\/#organization","name":"El Call d'Od\u00e8n","url":"https:\/\/elcall.cat\/fr\/","logo":{"@type":"ImageObject","inLanguage":"fr-FR","@id":"https:\/\/elcall.cat\/fr\/#\/schema\/logo\/image\/","url":"https:\/\/elcall.cat\/wp-content\/uploads\/2026\/03\/screenshot.jpg","contentUrl":"https:\/\/elcall.cat\/wp-content\/uploads\/2026\/03\/screenshot.jpg","width":1200,"height":900,"caption":"El Call d'Od\u00e8n"},"image":{"@id":"https:\/\/elcall.cat\/fr\/#\/schema\/logo\/image\/"}}]}},"_links":{"self":[{"href":"https:\/\/elcall.cat\/fr\/wp-json\/wp\/v2\/pages\/777","targetHints":{"allow":["GET"]}}],"collection":[{"href":"https:\/\/elcall.cat\/fr\/wp-json\/wp\/v2\/pages"}],"about":[{"href":"https:\/\/elcall.cat\/fr\/wp-json\/wp\/v2\/types\/page"}],"author":[{"embeddable":true,"href":"https:\/\/elcall.cat\/fr\/wp-json\/wp\/v2\/users\/1"}],"replies":[{"embeddable":true,"href":"https:\/\/elcall.cat\/fr\/wp-json\/wp\/v2\/comments?post=777"}],"version-history":[{"count":0,"href":"https:\/\/elcall.cat\/fr\/wp-json\/wp\/v2\/pages\/777\/revisions"}],"wp:attachment":[{"href":"https:\/\/elcall.cat\/fr\/wp-json\/wp\/v2\/media?parent=777"}],"curies":[{"name":"wp","href":"https:\/\/api.w.org\/{rel}","templated":true}]}}