{"id":652,"date":"2026-01-15T17:12:12","date_gmt":"2026-01-15T15:12:12","guid":{"rendered":"https:\/\/elcall.cat\/histoire\/la-famille-et-la-maison-ancienne\/"},"modified":"2026-01-15T17:12:12","modified_gmt":"2026-01-15T15:12:12","slug":"la-famille-et-la-maison-ancienne","status":"publish","type":"page","link":"https:\/\/elcall.cat\/fr\/histoire\/la-famille-et-la-maison-ancienne\/","title":{"rendered":"La famille et la maison ancienne"},"content":{"rendered":"<h2>Histoire<\/h2>\n<p>Les premiers registres retrouv\u00e9s de la maison datent de 1306, quand elle s&rsquo;appelait Can Cabrit. Le premier membre document\u00e9 est Arnau Call, qui \u00e9pousa Proven\u00e7a et ensemble ils fond\u00e8rent la lign\u00e9e des Call.<\/p>\n<p>Arnau Call mourut en 1340.<\/p>\n<p>Vers 1400, Joan de la Call \u00e9pousa Elisabet Sol\u00e0, fille de Pere Sol\u00e0 qui \u00e9tait le Seigneur d&rsquo;Od\u00e8n. Ils vivaient au Ch\u00e2teau d&rsquo;Od\u00e8n.<\/p>\n<p>Les g\u00e9n\u00e9rations se sont succ\u00e9d\u00e9 et, jusqu&rsquo;\u00e0 pr\u00e9sent, la famille continue de vivre dans la maison ancestrale du Call d&rsquo;Od\u00e8n.<\/p>\n<p><img decoding=\"async\" class=\"alignnone wp-image-227 size-full lazyload\" data-src=\"http:\/\/elcall.cat\/wp-content\/uploads\/2026\/01\/his-recull-plalla.jpg\" alt=\"\" width=\"1000\" height=\"662\" data-srcset=\"https:\/\/elcall.cat\/wp-content\/uploads\/2026\/01\/his-recull-plalla.jpg 1000w, https:\/\/elcall.cat\/wp-content\/uploads\/2026\/01\/his-recull-plalla-300x199.jpg 300w, https:\/\/elcall.cat\/wp-content\/uploads\/2026\/01\/his-recull-plalla-768x508.jpg 768w, https:\/\/elcall.cat\/wp-content\/uploads\/2026\/01\/his-recull-plalla-773x512.jpg 773w, https:\/\/elcall.cat\/wp-content\/uploads\/2026\/01\/his-recull-plalla-340x225.jpg 340w\" data-sizes=\"(max-width: 1000px) 100vw, 1000px\" src=\"data:image\/svg+xml;base64,PHN2ZyB3aWR0aD0iMSIgaGVpZ2h0PSIxIiB4bWxucz0iaHR0cDovL3d3dy53My5vcmcvMjAwMC9zdmciPjwvc3ZnPg==\" style=\"--smush-placeholder-width: 1000px; --smush-placeholder-aspect-ratio: 1000\/662;\" \/><\/p>\n<p>&nbsp;<\/p>\n<h2>Maison ancienne<\/h2>\n<p>La maison date du XIIIe si\u00e8cle et se compose de trois \u00e9tages de 400 m2 chacun.<\/p>\n<p>Dans les \u00e9tables, situ\u00e9es au rez-de-chauss\u00e9e, vivaient les animaux qui fournissaient de la chaleur au logement de la famille et aux travailleurs qui habitaient au premier \u00e9tage.<\/p>\n<p>Au troisi\u00e8me \u00e9tage ou grenier se trouvaient les garde-manger et les greniers.<\/p>\n<p>Aujourd&rsquo;hui, la famille habite au premier \u00e9tage et les animaux se trouvent dans des enclos \u00e0 l&rsquo;ext\u00e9rieur de la maison.<\/p>\n<p><img decoding=\"async\" class=\"alignnone wp-image-226 size-full lazyload\" data-src=\"http:\/\/elcall.cat\/wp-content\/uploads\/2026\/01\/call-entrada.jpg\" alt=\"\" width=\"1000\" height=\"688\" data-srcset=\"https:\/\/elcall.cat\/wp-content\/uploads\/2026\/01\/call-entrada.jpg 1000w, https:\/\/elcall.cat\/wp-content\/uploads\/2026\/01\/call-entrada-300x206.jpg 300w, https:\/\/elcall.cat\/wp-content\/uploads\/2026\/01\/call-entrada-768x528.jpg 768w, https:\/\/elcall.cat\/wp-content\/uploads\/2026\/01\/call-entrada-773x532.jpg 773w, https:\/\/elcall.cat\/wp-content\/uploads\/2026\/01\/call-entrada-340x234.jpg 340w\" data-sizes=\"(max-width: 1000px) 100vw, 1000px\" src=\"data:image\/svg+xml;base64,PHN2ZyB3aWR0aD0iMSIgaGVpZ2h0PSIxIiB4bWxucz0iaHR0cDovL3d3dy53My5vcmcvMjAwMC9zdmciPjwvc3ZnPg==\" style=\"--smush-placeholder-width: 1000px; --smush-placeholder-aspect-ratio: 1000\/688;\" \/><\/p>\n<p>&nbsp;<\/p>\n","protected":false},"excerpt":{"rendered":"<p>Histoire Les premiers registres retrouv\u00e9s de la maison datent de 1306, quand elle s&rsquo;appelait Can Cabrit. Le premier membre document\u00e9 est Arnau Call, qui \u00e9pousa Proven\u00e7a et ensemble ils fond\u00e8rent la lign\u00e9e des Call. Arnau Call mourut en 1340. Vers 1400, Joan de la Call \u00e9pousa Elisabet Sol\u00e0, fille de Pere Sol\u00e0 qui \u00e9tait le [&hellip;]<\/p>\n","protected":false},"author":1,"featured_media":646,"parent":579,"menu_order":2,"comment_status":"closed","ping_status":"closed","template":"page-base.php","meta":{"_acf_changed":false,"footnotes":""},"class_list":["post-652","page","type-page","status-publish","has-post-thumbnail","hentry"],"acf":[],"yoast_head":"<!-- This site is optimized with the Yoast SEO plugin v27.3 - https:\/\/yoast.com\/product\/yoast-seo-wordpress\/ -->\n<title>La famille et la maison ancienne - El Call d&#039;Od\u00e8n<\/title>\n<meta name=\"robots\" content=\"index, follow, max-snippet:-1, max-image-preview:large, max-video-preview:-1\" \/>\n<link rel=\"canonical\" href=\"https:\/\/elcall.cat\/fr\/histoire\/la-famille-et-la-maison-ancienne\/\" \/>\n<meta property=\"og:locale\" content=\"fr_FR\" \/>\n<meta property=\"og:type\" content=\"article\" \/>\n<meta property=\"og:title\" content=\"La famille et la maison ancienne - El Call d&#039;Od\u00e8n\" \/>\n<meta property=\"og:description\" content=\"Histoire Les premiers registres retrouv\u00e9s de la maison datent de 1306, quand elle s&rsquo;appelait Can Cabrit. Le premier membre document\u00e9 est Arnau Call, qui \u00e9pousa Proven\u00e7a et ensemble ils fond\u00e8rent la lign\u00e9e des Call. Arnau Call mourut en 1340. Vers 1400, Joan de la Call \u00e9pousa Elisabet Sol\u00e0, fille de Pere Sol\u00e0 qui \u00e9tait le [&hellip;]\" \/>\n<meta property=\"og:url\" content=\"https:\/\/elcall.cat\/fr\/histoire\/la-famille-et-la-maison-ancienne\/\" \/>\n<meta property=\"og:site_name\" content=\"El Call d&#039;Od\u00e8n\" \/>\n<meta property=\"og:image\" content=\"https:\/\/elcall.cat\/wp-content\/uploads\/2026\/01\/la-casa-antiga2-1.jpg\" \/>\n\t<meta property=\"og:image:width\" content=\"2000\" \/>\n\t<meta property=\"og:image:height\" content=\"1072\" \/>\n\t<meta property=\"og:image:type\" content=\"image\/jpeg\" \/>\n<meta name=\"twitter:card\" content=\"summary_large_image\" \/>\n<meta name=\"twitter:label1\" content=\"Dur\u00e9e de lecture estim\u00e9e\" \/>\n\t<meta name=\"twitter:data1\" content=\"1 minute\" \/>\n<script type=\"application\/ld+json\" class=\"yoast-schema-graph\">{\"@context\":\"https:\\\/\\\/schema.org\",\"@graph\":[{\"@type\":\"WebPage\",\"@id\":\"https:\\\/\\\/elcall.cat\\\/fr\\\/histoire\\\/la-famille-et-la-maison-ancienne\\\/\",\"url\":\"https:\\\/\\\/elcall.cat\\\/fr\\\/histoire\\\/la-famille-et-la-maison-ancienne\\\/\",\"name\":\"La famille et la maison ancienne - El Call d&#039;Od\u00e8n\",\"isPartOf\":{\"@id\":\"https:\\\/\\\/elcall.cat\\\/fr\\\/#website\"},\"primaryImageOfPage\":{\"@id\":\"https:\\\/\\\/elcall.cat\\\/fr\\\/histoire\\\/la-famille-et-la-maison-ancienne\\\/#primaryimage\"},\"image\":{\"@id\":\"https:\\\/\\\/elcall.cat\\\/fr\\\/histoire\\\/la-famille-et-la-maison-ancienne\\\/#primaryimage\"},\"thumbnailUrl\":\"https:\\\/\\\/elcall.cat\\\/wp-content\\\/uploads\\\/2026\\\/01\\\/la-casa-antiga2-1.jpg\",\"datePublished\":\"2026-01-15T15:12:12+00:00\",\"breadcrumb\":{\"@id\":\"https:\\\/\\\/elcall.cat\\\/fr\\\/histoire\\\/la-famille-et-la-maison-ancienne\\\/#breadcrumb\"},\"inLanguage\":\"fr-FR\",\"potentialAction\":[{\"@type\":\"ReadAction\",\"target\":[\"https:\\\/\\\/elcall.cat\\\/fr\\\/histoire\\\/la-famille-et-la-maison-ancienne\\\/\"]}]},{\"@type\":\"ImageObject\",\"inLanguage\":\"fr-FR\",\"@id\":\"https:\\\/\\\/elcall.cat\\\/fr\\\/histoire\\\/la-famille-et-la-maison-ancienne\\\/#primaryimage\",\"url\":\"https:\\\/\\\/elcall.cat\\\/wp-content\\\/uploads\\\/2026\\\/01\\\/la-casa-antiga2-1.jpg\",\"contentUrl\":\"https:\\\/\\\/elcall.cat\\\/wp-content\\\/uploads\\\/2026\\\/01\\\/la-casa-antiga2-1.jpg\",\"width\":2000,\"height\":1072},{\"@type\":\"BreadcrumbList\",\"@id\":\"https:\\\/\\\/elcall.cat\\\/fr\\\/histoire\\\/la-famille-et-la-maison-ancienne\\\/#breadcrumb\",\"itemListElement\":[{\"@type\":\"ListItem\",\"position\":1,\"name\":\"Inici\",\"item\":\"https:\\\/\\\/elcall.cat\\\/fr\\\/accueil\\\/\"},{\"@type\":\"ListItem\",\"position\":2,\"name\":\"Histoire\",\"item\":\"https:\\\/\\\/elcall.cat\\\/fr\\\/histoire\\\/\"},{\"@type\":\"ListItem\",\"position\":3,\"name\":\"La famille et la maison ancienne\"}]},{\"@type\":\"WebSite\",\"@id\":\"https:\\\/\\\/elcall.cat\\\/fr\\\/#website\",\"url\":\"https:\\\/\\\/elcall.cat\\\/fr\\\/\",\"name\":\"El Call d'Od\u00e8n\",\"description\":\"\",\"publisher\":{\"@id\":\"https:\\\/\\\/elcall.cat\\\/fr\\\/#organization\"},\"potentialAction\":[{\"@type\":\"SearchAction\",\"target\":{\"@type\":\"EntryPoint\",\"urlTemplate\":\"https:\\\/\\\/elcall.cat\\\/fr\\\/?s={search_term_string}\"},\"query-input\":{\"@type\":\"PropertyValueSpecification\",\"valueRequired\":true,\"valueName\":\"search_term_string\"}}],\"inLanguage\":\"fr-FR\"},{\"@type\":\"Organization\",\"@id\":\"https:\\\/\\\/elcall.cat\\\/fr\\\/#organization\",\"name\":\"El Call d'Od\u00e8n\",\"url\":\"https:\\\/\\\/elcall.cat\\\/fr\\\/\",\"logo\":{\"@type\":\"ImageObject\",\"inLanguage\":\"fr-FR\",\"@id\":\"https:\\\/\\\/elcall.cat\\\/fr\\\/#\\\/schema\\\/logo\\\/image\\\/\",\"url\":\"https:\\\/\\\/elcall.cat\\\/wp-content\\\/uploads\\\/2026\\\/03\\\/screenshot.jpg\",\"contentUrl\":\"https:\\\/\\\/elcall.cat\\\/wp-content\\\/uploads\\\/2026\\\/03\\\/screenshot.jpg\",\"width\":1200,\"height\":900,\"caption\":\"El Call d'Od\u00e8n\"},\"image\":{\"@id\":\"https:\\\/\\\/elcall.cat\\\/fr\\\/#\\\/schema\\\/logo\\\/image\\\/\"}}]}<\/script>\n<!-- \/ Yoast SEO plugin. -->","yoast_head_json":{"title":"La famille et la maison ancienne - El Call d&#039;Od\u00e8n","robots":{"index":"index","follow":"follow","max-snippet":"max-snippet:-1","max-image-preview":"max-image-preview:large","max-video-preview":"max-video-preview:-1"},"canonical":"https:\/\/elcall.cat\/fr\/histoire\/la-famille-et-la-maison-ancienne\/","og_locale":"fr_FR","og_type":"article","og_title":"La famille et la maison ancienne - El Call d&#039;Od\u00e8n","og_description":"Histoire Les premiers registres retrouv\u00e9s de la maison datent de 1306, quand elle s&rsquo;appelait Can Cabrit. Le premier membre document\u00e9 est Arnau Call, qui \u00e9pousa Proven\u00e7a et ensemble ils fond\u00e8rent la lign\u00e9e des Call. Arnau Call mourut en 1340. Vers 1400, Joan de la Call \u00e9pousa Elisabet Sol\u00e0, fille de Pere Sol\u00e0 qui \u00e9tait le [&hellip;]","og_url":"https:\/\/elcall.cat\/fr\/histoire\/la-famille-et-la-maison-ancienne\/","og_site_name":"El Call d&#039;Od\u00e8n","og_image":[{"width":2000,"height":1072,"url":"https:\/\/elcall.cat\/wp-content\/uploads\/2026\/01\/la-casa-antiga2-1.jpg","type":"image\/jpeg"}],"twitter_card":"summary_large_image","twitter_misc":{"Dur\u00e9e de lecture estim\u00e9e":"1 minute"},"schema":{"@context":"https:\/\/schema.org","@graph":[{"@type":"WebPage","@id":"https:\/\/elcall.cat\/fr\/histoire\/la-famille-et-la-maison-ancienne\/","url":"https:\/\/elcall.cat\/fr\/histoire\/la-famille-et-la-maison-ancienne\/","name":"La famille et la maison ancienne - El Call d&#039;Od\u00e8n","isPartOf":{"@id":"https:\/\/elcall.cat\/fr\/#website"},"primaryImageOfPage":{"@id":"https:\/\/elcall.cat\/fr\/histoire\/la-famille-et-la-maison-ancienne\/#primaryimage"},"image":{"@id":"https:\/\/elcall.cat\/fr\/histoire\/la-famille-et-la-maison-ancienne\/#primaryimage"},"thumbnailUrl":"https:\/\/elcall.cat\/wp-content\/uploads\/2026\/01\/la-casa-antiga2-1.jpg","datePublished":"2026-01-15T15:12:12+00:00","breadcrumb":{"@id":"https:\/\/elcall.cat\/fr\/histoire\/la-famille-et-la-maison-ancienne\/#breadcrumb"},"inLanguage":"fr-FR","potentialAction":[{"@type":"ReadAction","target":["https:\/\/elcall.cat\/fr\/histoire\/la-famille-et-la-maison-ancienne\/"]}]},{"@type":"ImageObject","inLanguage":"fr-FR","@id":"https:\/\/elcall.cat\/fr\/histoire\/la-famille-et-la-maison-ancienne\/#primaryimage","url":"https:\/\/elcall.cat\/wp-content\/uploads\/2026\/01\/la-casa-antiga2-1.jpg","contentUrl":"https:\/\/elcall.cat\/wp-content\/uploads\/2026\/01\/la-casa-antiga2-1.jpg","width":2000,"height":1072},{"@type":"BreadcrumbList","@id":"https:\/\/elcall.cat\/fr\/histoire\/la-famille-et-la-maison-ancienne\/#breadcrumb","itemListElement":[{"@type":"ListItem","position":1,"name":"Inici","item":"https:\/\/elcall.cat\/fr\/accueil\/"},{"@type":"ListItem","position":2,"name":"Histoire","item":"https:\/\/elcall.cat\/fr\/histoire\/"},{"@type":"ListItem","position":3,"name":"La famille et la maison ancienne"}]},{"@type":"WebSite","@id":"https:\/\/elcall.cat\/fr\/#website","url":"https:\/\/elcall.cat\/fr\/","name":"El Call d'Od\u00e8n","description":"","publisher":{"@id":"https:\/\/elcall.cat\/fr\/#organization"},"potentialAction":[{"@type":"SearchAction","target":{"@type":"EntryPoint","urlTemplate":"https:\/\/elcall.cat\/fr\/?s={search_term_string}"},"query-input":{"@type":"PropertyValueSpecification","valueRequired":true,"valueName":"search_term_string"}}],"inLanguage":"fr-FR"},{"@type":"Organization","@id":"https:\/\/elcall.cat\/fr\/#organization","name":"El Call d'Od\u00e8n","url":"https:\/\/elcall.cat\/fr\/","logo":{"@type":"ImageObject","inLanguage":"fr-FR","@id":"https:\/\/elcall.cat\/fr\/#\/schema\/logo\/image\/","url":"https:\/\/elcall.cat\/wp-content\/uploads\/2026\/03\/screenshot.jpg","contentUrl":"https:\/\/elcall.cat\/wp-content\/uploads\/2026\/03\/screenshot.jpg","width":1200,"height":900,"caption":"El Call d'Od\u00e8n"},"image":{"@id":"https:\/\/elcall.cat\/fr\/#\/schema\/logo\/image\/"}}]}},"_links":{"self":[{"href":"https:\/\/elcall.cat\/fr\/wp-json\/wp\/v2\/pages\/652","targetHints":{"allow":["GET"]}}],"collection":[{"href":"https:\/\/elcall.cat\/fr\/wp-json\/wp\/v2\/pages"}],"about":[{"href":"https:\/\/elcall.cat\/fr\/wp-json\/wp\/v2\/types\/page"}],"author":[{"embeddable":true,"href":"https:\/\/elcall.cat\/fr\/wp-json\/wp\/v2\/users\/1"}],"replies":[{"embeddable":true,"href":"https:\/\/elcall.cat\/fr\/wp-json\/wp\/v2\/comments?post=652"}],"version-history":[{"count":0,"href":"https:\/\/elcall.cat\/fr\/wp-json\/wp\/v2\/pages\/652\/revisions"}],"up":[{"embeddable":true,"href":"https:\/\/elcall.cat\/fr\/wp-json\/wp\/v2\/pages\/579"}],"wp:featuredmedia":[{"embeddable":true,"href":"https:\/\/elcall.cat\/fr\/wp-json\/wp\/v2\/media\/646"}],"wp:attachment":[{"href":"https:\/\/elcall.cat\/fr\/wp-json\/wp\/v2\/media?parent=652"}],"curies":[{"name":"wp","href":"https:\/\/api.w.org\/{rel}","templated":true}]}}