{"id":784,"date":"2026-01-12T12:37:02","date_gmt":"2026-01-12T10:37:02","guid":{"rendered":"https:\/\/elcall.cat\/aviso-legal\/"},"modified":"2026-01-12T12:37:02","modified_gmt":"2026-01-12T10:37:02","slug":"aviso-legal","status":"publish","type":"page","link":"https:\/\/elcall.cat\/es\/aviso-legal\/","title":{"rendered":"Aviso legal"},"content":{"rendered":"<p><strong>I.- DATOS DE IDENTIFICCI\u00d3N DE LA EMPRESA<\/strong><\/p>\n<p>Josep Call Prun\u00e9s<br \/>\nDirecci\u00f3n postal: Casa Call 25283 OD\u00c8N<br \/>\nTel\u00e9fono: 689477590<br \/>\nDirecci\u00f3n electr\u00f3nica: call@elcall.org<\/p>\n<p>&nbsp;<\/p>\n<p><strong>II.- ACTIVIDAD DE LA EMPRESA<\/strong><\/p>\n<ul>\n<li>Establecimiento de alojamiento tur\u00edstico, modalidad establecimiento de turismo rural<\/li>\n<li>Identificaci\u00f3n de los establecimientos:\n<ul>\n<li>CALL 1 inscrito en el Registro de Turismo de Catalu\u00f1a con el n\u00famero PCC -000210<\/li>\n<li>CALL 2 inscrito en el Registro de Turismo de Catalu\u00f1a con el n\u00famero PCC &#8211; 000238<\/li>\n<li>CALL 3 inscrito en el Registro de Turismo de Catalu\u00f1a con el n\u00famero PCC -000239<\/li>\n<li>PLANES inscrito en el Registro de Turismo de Catalu\u00f1a con el n\u00famero PCC -000286<\/li>\n<li>RAC\u00d3 GUITA inscrito en el Registro de Turismo de Catalu\u00f1a con el n\u00famero PCC &#8211; 000553<\/li>\n<\/ul>\n<\/li>\n<\/ul>\n<p>&nbsp;<\/p>\n<p><strong>III.- SERVICIOS Y CONTRATACI\u00d3N<\/strong><\/p>\n<p>Ver el apartado correspondiente del men\u00fa de contenidos de la p\u00e1gina web.<\/p>\n<p>&nbsp;<\/p>\n<p><strong>IV.- POL\u00cdTICA DE CANCELACI\u00d3N LACI\u00d3N<\/strong><\/p>\n<p><strong>A) Pol\u00edtica de cancelaci\u00f3n aplicable a la contrataci\u00f3n del servicio de alojamiento tur\u00edstico en temporada alta, en la que se incluye: Semana Santa, puente 1 de mayo, puente de San Juan, estancias de julio y agosto, puente 11 de septiembre, puente 12 de octubre, Todos los Santos, Navidad y Fin de a\u00f1o.<\/strong><\/p>\n<ul>\n<li>Si el usuario solicita la cancelaci\u00f3n de la reserva con 60 d\u00edas o m\u00e1s de antelaci\u00f3n a la fecha de llegada, se devolver\u00e1 el 100% de la paga y se\u00f1al.<\/li>\n<li>Si el usuario solicita la cancelaci\u00f3n de la reserva entre 30 y 59 d\u00edas de antelaci\u00f3n a la fecha de llegada, se devolver\u00e1 el 80% de la paga y se\u00f1al.<\/li>\n<li>Si la cancelaci\u00f3n de la reserva se solicita entre 15 y 29 d\u00edas antes de la fecha de llegada, se devolver\u00e1 el 50% de la paga y se\u00f1al.<\/li>\n<li>Si la cancelaci\u00f3n de la reserva se efect\u00faa dentro de los 14 d\u00edas anteriores a la fecha de llegada, no se devolver\u00e1 la paga y se\u00f1al y se aplicar\u00e1n las siguientes penalizaciones:\n<ul>\n<li>a) Reserva por dos o menos d\u00edas, el 60% del precio total de la estancia.<\/li>\n<li>b) Reserva por m\u00e1s de dos d\u00edas y hasta siete d\u00edas, el 50% del precio total de la estancia.<\/li>\n<li>c) Reserva por m\u00e1s de siete d\u00edas, el 40% del precio total de la estancia.<\/li>\n<\/ul>\n<\/li>\n<\/ul>\n<p>La paga y se\u00f1al no devuelta tendr\u00e1 la consideraci\u00f3n de importe retenido a cuenta de la penalizaci\u00f3n que corresponda.<\/p>\n<p><strong>B) Pol\u00edtica de cancelaci\u00f3n para estancias en temporada baja (incluye los d\u00edas\/periodos no incluidos en el apartado A))<\/strong><\/p>\n<ul>\n<li>Si el usuario solicita la cancelaci\u00f3n de la reserva con 30 d\u00edas o m\u00e1s de antelaci\u00f3n a la fecha de llegada, se devolver\u00e1 el 100% de la paga y se\u00f1al.<\/li>\n<li>Si el usuario solicita la cancelaci\u00f3n de la reserva entre 20 y 29 d\u00edas de antelaci\u00f3n a la fecha de llegada, se devolver\u00e1 el 80% de la paga y se\u00f1al.<\/li>\n<li>Si la cancelaci\u00f3n de la reserva se solicita entre 11 y 19 d\u00edas antes de la fecha de llegada, se devolver\u00e1 el 50% de la paga y se\u00f1al.<\/li>\n<li>Si la cancelaci\u00f3n de la reserva se efect\u00faa dentro de los 10 d\u00edas anteriores a la fecha de llegada, no se devolver\u00e1 la paga y se\u00f1al y se aplicar\u00e1n las siguientes penalizaciones:\n<ul>\n<li>a) Reserva por dos o menos d\u00edas, el 60% del precio total de la estancia.<\/li>\n<li>b) Reserva por m\u00e1s de dos d\u00edas y hasta siete d\u00edas, el 50% del precio total de la estancia.<\/li>\n<li>c) Reserva por m\u00e1s de siete d\u00edas, el 40% del precio total de la estancia.<\/li>\n<\/ul>\n<\/li>\n<\/ul>\n<p>La paga y se\u00f1al no devuelta tendr\u00e1 la consideraci\u00f3n de importe retenido a cuenta de la penalizaci\u00f3n que corresponda.<\/p>\n<p><strong>C) Resarcimiento por renuncia de la estancia<\/strong><\/p>\n<p>Cuando las personas usuarias del establecimiento abandonen la unidad reservada antes de la fecha hasta la que la ten\u00edan reservada, se aplicar\u00e1n las siguientes cl\u00e1usulas:<\/p>\n<ul>\n<li>a) Estancia de dos o menos d\u00edas: se podr\u00e1 exigir el 100% del precio total de la estancia<\/li>\n<li>b) Estancia de m\u00e1s de dos d\u00edas y hasta siete d\u00edas: se podr\u00e1 exigir el 70% del precio total de la estancia.<\/li>\n<li>c) Estancia de m\u00e1s de siete d\u00edas: se podr\u00e1 exigir el 60% del precio total de la estancia<\/li>\n<\/ul>\n","protected":false},"excerpt":{"rendered":"<p>I.- DATOS DE IDENTIFICCI\u00d3N DE LA EMPRESA Josep Call Prun\u00e9s Direcci\u00f3n postal: Casa Call 25283 OD\u00c8N Tel\u00e9fono: 689477590 Direcci\u00f3n electr\u00f3nica: call@elcall.org &nbsp; II.- ACTIVIDAD DE LA EMPRESA Establecimiento de alojamiento tur\u00edstico, modalidad establecimiento de turismo rural Identificaci\u00f3n de los establecimientos: CALL 1 inscrito en el Registro de Turismo de Catalu\u00f1a con el n\u00famero PCC -000210 [&hellip;]<\/p>\n","protected":false},"author":1,"featured_media":0,"parent":0,"menu_order":27,"comment_status":"closed","ping_status":"closed","template":"page-legal.php","meta":{"_acf_changed":false,"footnotes":""},"class_list":["post-784","page","type-page","status-publish","hentry"],"acf":[],"yoast_head":"<!-- This site is optimized with the Yoast SEO plugin v27.3 - https:\/\/yoast.com\/product\/yoast-seo-wordpress\/ -->\n<title>Aviso legal - El Call d&#039;Od\u00e8n<\/title>\n<meta name=\"robots\" content=\"index, follow, max-snippet:-1, max-image-preview:large, max-video-preview:-1\" \/>\n<link rel=\"canonical\" href=\"https:\/\/elcall.cat\/es\/aviso-legal\/\" \/>\n<meta property=\"og:locale\" content=\"es_ES\" \/>\n<meta property=\"og:type\" content=\"article\" \/>\n<meta property=\"og:title\" content=\"Aviso legal - El Call d&#039;Od\u00e8n\" \/>\n<meta property=\"og:description\" content=\"I.- DATOS DE IDENTIFICCI\u00d3N DE LA EMPRESA Josep Call Prun\u00e9s Direcci\u00f3n postal: Casa Call 25283 OD\u00c8N Tel\u00e9fono: 689477590 Direcci\u00f3n electr\u00f3nica: call@elcall.org &nbsp; II.- ACTIVIDAD DE LA EMPRESA Establecimiento de alojamiento tur\u00edstico, modalidad establecimiento de turismo rural Identificaci\u00f3n de los establecimientos: CALL 1 inscrito en el Registro de Turismo de Catalu\u00f1a con el n\u00famero PCC -000210 [&hellip;]\" \/>\n<meta property=\"og:url\" content=\"https:\/\/elcall.cat\/es\/aviso-legal\/\" \/>\n<meta property=\"og:site_name\" content=\"El Call d&#039;Od\u00e8n\" \/>\n<meta name=\"twitter:card\" content=\"summary_large_image\" \/>\n<meta name=\"twitter:label1\" content=\"Tiempo de lectura\" \/>\n\t<meta name=\"twitter:data1\" content=\"4 minutos\" \/>\n<script type=\"application\/ld+json\" class=\"yoast-schema-graph\">{\"@context\":\"https:\\\/\\\/schema.org\",\"@graph\":[{\"@type\":\"WebPage\",\"@id\":\"https:\\\/\\\/elcall.cat\\\/es\\\/aviso-legal\\\/\",\"url\":\"https:\\\/\\\/elcall.cat\\\/es\\\/aviso-legal\\\/\",\"name\":\"Aviso legal - El Call d&#039;Od\u00e8n\",\"isPartOf\":{\"@id\":\"https:\\\/\\\/elcall.cat\\\/es\\\/#website\"},\"datePublished\":\"2026-01-12T10:37:02+00:00\",\"breadcrumb\":{\"@id\":\"https:\\\/\\\/elcall.cat\\\/es\\\/aviso-legal\\\/#breadcrumb\"},\"inLanguage\":\"es\",\"potentialAction\":[{\"@type\":\"ReadAction\",\"target\":[\"https:\\\/\\\/elcall.cat\\\/es\\\/aviso-legal\\\/\"]}]},{\"@type\":\"BreadcrumbList\",\"@id\":\"https:\\\/\\\/elcall.cat\\\/es\\\/aviso-legal\\\/#breadcrumb\",\"itemListElement\":[{\"@type\":\"ListItem\",\"position\":1,\"name\":\"Inici\",\"item\":\"https:\\\/\\\/elcall.cat\\\/es\\\/inicio\\\/\"},{\"@type\":\"ListItem\",\"position\":2,\"name\":\"Aviso legal\"}]},{\"@type\":\"WebSite\",\"@id\":\"https:\\\/\\\/elcall.cat\\\/es\\\/#website\",\"url\":\"https:\\\/\\\/elcall.cat\\\/es\\\/\",\"name\":\"El Call d'Od\u00e8n\",\"description\":\"\",\"publisher\":{\"@id\":\"https:\\\/\\\/elcall.cat\\\/es\\\/#organization\"},\"potentialAction\":[{\"@type\":\"SearchAction\",\"target\":{\"@type\":\"EntryPoint\",\"urlTemplate\":\"https:\\\/\\\/elcall.cat\\\/es\\\/?s={search_term_string}\"},\"query-input\":{\"@type\":\"PropertyValueSpecification\",\"valueRequired\":true,\"valueName\":\"search_term_string\"}}],\"inLanguage\":\"es\"},{\"@type\":\"Organization\",\"@id\":\"https:\\\/\\\/elcall.cat\\\/es\\\/#organization\",\"name\":\"El Call d'Od\u00e8n\",\"url\":\"https:\\\/\\\/elcall.cat\\\/es\\\/\",\"logo\":{\"@type\":\"ImageObject\",\"inLanguage\":\"es\",\"@id\":\"https:\\\/\\\/elcall.cat\\\/es\\\/#\\\/schema\\\/logo\\\/image\\\/\",\"url\":\"https:\\\/\\\/elcall.cat\\\/wp-content\\\/uploads\\\/2026\\\/03\\\/screenshot.jpg\",\"contentUrl\":\"https:\\\/\\\/elcall.cat\\\/wp-content\\\/uploads\\\/2026\\\/03\\\/screenshot.jpg\",\"width\":1200,\"height\":900,\"caption\":\"El Call d'Od\u00e8n\"},\"image\":{\"@id\":\"https:\\\/\\\/elcall.cat\\\/es\\\/#\\\/schema\\\/logo\\\/image\\\/\"}}]}<\/script>\n<!-- \/ Yoast SEO plugin. -->","yoast_head_json":{"title":"Aviso legal - El Call d&#039;Od\u00e8n","robots":{"index":"index","follow":"follow","max-snippet":"max-snippet:-1","max-image-preview":"max-image-preview:large","max-video-preview":"max-video-preview:-1"},"canonical":"https:\/\/elcall.cat\/es\/aviso-legal\/","og_locale":"es_ES","og_type":"article","og_title":"Aviso legal - El Call d&#039;Od\u00e8n","og_description":"I.- DATOS DE IDENTIFICCI\u00d3N DE LA EMPRESA Josep Call Prun\u00e9s Direcci\u00f3n postal: Casa Call 25283 OD\u00c8N Tel\u00e9fono: 689477590 Direcci\u00f3n electr\u00f3nica: call@elcall.org &nbsp; II.- ACTIVIDAD DE LA EMPRESA Establecimiento de alojamiento tur\u00edstico, modalidad establecimiento de turismo rural Identificaci\u00f3n de los establecimientos: CALL 1 inscrito en el Registro de Turismo de Catalu\u00f1a con el n\u00famero PCC -000210 [&hellip;]","og_url":"https:\/\/elcall.cat\/es\/aviso-legal\/","og_site_name":"El Call d&#039;Od\u00e8n","twitter_card":"summary_large_image","twitter_misc":{"Tiempo de lectura":"4 minutos"},"schema":{"@context":"https:\/\/schema.org","@graph":[{"@type":"WebPage","@id":"https:\/\/elcall.cat\/es\/aviso-legal\/","url":"https:\/\/elcall.cat\/es\/aviso-legal\/","name":"Aviso legal - El Call d&#039;Od\u00e8n","isPartOf":{"@id":"https:\/\/elcall.cat\/es\/#website"},"datePublished":"2026-01-12T10:37:02+00:00","breadcrumb":{"@id":"https:\/\/elcall.cat\/es\/aviso-legal\/#breadcrumb"},"inLanguage":"es","potentialAction":[{"@type":"ReadAction","target":["https:\/\/elcall.cat\/es\/aviso-legal\/"]}]},{"@type":"BreadcrumbList","@id":"https:\/\/elcall.cat\/es\/aviso-legal\/#breadcrumb","itemListElement":[{"@type":"ListItem","position":1,"name":"Inici","item":"https:\/\/elcall.cat\/es\/inicio\/"},{"@type":"ListItem","position":2,"name":"Aviso legal"}]},{"@type":"WebSite","@id":"https:\/\/elcall.cat\/es\/#website","url":"https:\/\/elcall.cat\/es\/","name":"El Call d'Od\u00e8n","description":"","publisher":{"@id":"https:\/\/elcall.cat\/es\/#organization"},"potentialAction":[{"@type":"SearchAction","target":{"@type":"EntryPoint","urlTemplate":"https:\/\/elcall.cat\/es\/?s={search_term_string}"},"query-input":{"@type":"PropertyValueSpecification","valueRequired":true,"valueName":"search_term_string"}}],"inLanguage":"es"},{"@type":"Organization","@id":"https:\/\/elcall.cat\/es\/#organization","name":"El Call d'Od\u00e8n","url":"https:\/\/elcall.cat\/es\/","logo":{"@type":"ImageObject","inLanguage":"es","@id":"https:\/\/elcall.cat\/es\/#\/schema\/logo\/image\/","url":"https:\/\/elcall.cat\/wp-content\/uploads\/2026\/03\/screenshot.jpg","contentUrl":"https:\/\/elcall.cat\/wp-content\/uploads\/2026\/03\/screenshot.jpg","width":1200,"height":900,"caption":"El Call d'Od\u00e8n"},"image":{"@id":"https:\/\/elcall.cat\/es\/#\/schema\/logo\/image\/"}}]}},"_links":{"self":[{"href":"https:\/\/elcall.cat\/es\/wp-json\/wp\/v2\/pages\/784","targetHints":{"allow":["GET"]}}],"collection":[{"href":"https:\/\/elcall.cat\/es\/wp-json\/wp\/v2\/pages"}],"about":[{"href":"https:\/\/elcall.cat\/es\/wp-json\/wp\/v2\/types\/page"}],"author":[{"embeddable":true,"href":"https:\/\/elcall.cat\/es\/wp-json\/wp\/v2\/users\/1"}],"replies":[{"embeddable":true,"href":"https:\/\/elcall.cat\/es\/wp-json\/wp\/v2\/comments?post=784"}],"version-history":[{"count":0,"href":"https:\/\/elcall.cat\/es\/wp-json\/wp\/v2\/pages\/784\/revisions"}],"wp:attachment":[{"href":"https:\/\/elcall.cat\/es\/wp-json\/wp\/v2\/media?parent=784"}],"curies":[{"name":"wp","href":"https:\/\/api.w.org\/{rel}","templated":true}]}}