{"id":781,"date":"2026-01-12T12:36:52","date_gmt":"2026-01-12T10:36:52","guid":{"rendered":"https:\/\/elcall.cat\/politica-de-galletas\/"},"modified":"2026-01-12T12:36:52","modified_gmt":"2026-01-12T10:36:52","slug":"politica-de-galletas","status":"publish","type":"page","link":"https:\/\/elcall.cat\/es\/politica-de-galletas\/","title":{"rendered":"Pol\u00edtica de galletas"},"content":{"rendered":"<p>La empresa se reserva el derecho de utilizar la tecnolog\u00eda \u00abcookie\u00bb (galletas) en el espacio web con el fin de reconoceros como usuario frecuente y personalizar el uso que realizais del espacio web mediante la preselecci\u00f3n de contenidos preferidos.<br \/>\nLas galletas son ficheros enviados al navegador, por medio de un servidor web. Si lo dese\u00e1is pod\u00e9is configurar vuestro navegador para que os avise de la recepci\u00f3n de cookies e impedir su instalaci\u00f3n en vuestro ordenador. Consulte el manual del navegador para ampliar esta informaci\u00f3n.<br \/>\nLas galletas recopilan la direcci\u00f3n IP del usuario y permiten generar perfiles y controlar el progreso y n\u00famero de visitas de los usuarios.<\/p>\n<p>&nbsp;<\/p>\n<p><strong>\u00bfQu\u00e9 son las cookies?<\/strong><\/p>\n<p>Las cookies son peque\u00f1os ficheros de texto que se guardan en tu navegador cuando visitas una p\u00e1gina web. Sirven para reconocer tu visita, recordar tus preferencias y facilitar la navegaci\u00f3n. Las cookies pueden ser propias (de nuestro sitio web) o de terceros.  <\/p>\n<p>&nbsp;<\/p>\n<p><strong>\u00bfPor qu\u00e9 utilizamos cookies?<\/strong><\/p>\n<p>En nuestro sitio web, utilizamos cookies con diversas finalidades, incluyendo:<br \/>\nCookies necesarias: Estas cookies son esenciales para el funcionamiento de la web y permiten el acceso a zonas seguras, como formularios de reserva.<br \/>\nCookies de preferencias: Recuerdan tus opciones (idioma, preferencias de visualizaci\u00f3n, etc.) para ofrecerte una experiencia m\u00e1s personalizada.<br \/>\nCookies anal\u00edticas: Nos ayudan a entender c\u00f3mo los usuarios interact\u00faan con nuestra web, qu\u00e9 secciones visitan m\u00e1s, y as\u00ed poder mejorar el sitio. Utilizamos Google Analytics para recopilar esta informaci\u00f3n de forma an\u00f3nima.<br \/>\nCookies de marketing: Utilizamos estas cookies para mostrar anuncios que puedan ser de inter\u00e9s, en funci\u00f3n de tus visitas anteriores a nuestro sitio web y otros sitios. <\/p>\n<p>&nbsp;<\/p>\n<p><strong>Tipos de cookies que utilizamos<\/strong><\/p>\n<p>&#8211;<\/p>\n<p>&nbsp;<\/p>\n<p><strong>\u00bfC\u00f3mo puedes gestionar las cookies?<\/strong><\/p>\n<p>Puedes ajustar tus preferencias sobre cookies o desactivarlas en cualquier momento mediante la configuraci\u00f3n de tu navegador. Ten en cuenta que la desactivaci\u00f3n de determinadas cookies puede afectar al funcionamiento de nuestra web y limitar algunas funcionalidades. <\/p>\n<p>&nbsp;<\/p>\n<p><strong>Cambios en nuestra pol\u00edtica de cookies<\/strong><\/p>\n<p>Podemos actualizar esta pol\u00edtica de cookies de tanto en tanto para adaptarla a la normativa vigente o mejorar tu experiencia. Te recomendamos revisar esta p\u00e1gina peri\u00f3dicamente para estar informado de cualquier cambio. <\/p>\n","protected":false},"excerpt":{"rendered":"<p>La empresa se reserva el derecho de utilizar la tecnolog\u00eda \u00abcookie\u00bb (galletas) en el espacio web con el fin de reconoceros como usuario frecuente y personalizar el uso que realizais del espacio web mediante la preselecci\u00f3n de contenidos preferidos. Las galletas son ficheros enviados al navegador, por medio de un servidor web. Si lo dese\u00e1is [&hellip;]<\/p>\n","protected":false},"author":1,"featured_media":0,"parent":0,"menu_order":26,"comment_status":"closed","ping_status":"closed","template":"page-legal.php","meta":{"_acf_changed":false,"footnotes":""},"class_list":["post-781","page","type-page","status-publish","hentry"],"acf":[],"yoast_head":"<!-- This site is optimized with the Yoast SEO plugin v27.3 - https:\/\/yoast.com\/product\/yoast-seo-wordpress\/ -->\n<title>Pol\u00edtica de galletas - El Call d&#039;Od\u00e8n<\/title>\n<meta name=\"robots\" content=\"index, follow, max-snippet:-1, max-image-preview:large, max-video-preview:-1\" \/>\n<link rel=\"canonical\" href=\"https:\/\/elcall.cat\/es\/politica-de-galletas\/\" \/>\n<meta property=\"og:locale\" content=\"es_ES\" \/>\n<meta property=\"og:type\" content=\"article\" \/>\n<meta property=\"og:title\" content=\"Pol\u00edtica de galletas - El Call d&#039;Od\u00e8n\" \/>\n<meta property=\"og:description\" content=\"La empresa se reserva el derecho de utilizar la tecnolog\u00eda \u00abcookie\u00bb (galletas) en el espacio web con el fin de reconoceros como usuario frecuente y personalizar el uso que realizais del espacio web mediante la preselecci\u00f3n de contenidos preferidos. Las galletas son ficheros enviados al navegador, por medio de un servidor web. Si lo dese\u00e1is [&hellip;]\" \/>\n<meta property=\"og:url\" content=\"https:\/\/elcall.cat\/es\/politica-de-galletas\/\" \/>\n<meta property=\"og:site_name\" content=\"El Call d&#039;Od\u00e8n\" \/>\n<meta name=\"twitter:card\" content=\"summary_large_image\" \/>\n<meta name=\"twitter:label1\" content=\"Tiempo de lectura\" \/>\n\t<meta name=\"twitter:data1\" content=\"2 minutos\" \/>\n<script type=\"application\/ld+json\" class=\"yoast-schema-graph\">{\"@context\":\"https:\\\/\\\/schema.org\",\"@graph\":[{\"@type\":\"WebPage\",\"@id\":\"https:\\\/\\\/elcall.cat\\\/es\\\/politica-de-galletas\\\/\",\"url\":\"https:\\\/\\\/elcall.cat\\\/es\\\/politica-de-galletas\\\/\",\"name\":\"Pol\u00edtica de galletas - El Call d&#039;Od\u00e8n\",\"isPartOf\":{\"@id\":\"https:\\\/\\\/elcall.cat\\\/es\\\/#website\"},\"datePublished\":\"2026-01-12T10:36:52+00:00\",\"breadcrumb\":{\"@id\":\"https:\\\/\\\/elcall.cat\\\/es\\\/politica-de-galletas\\\/#breadcrumb\"},\"inLanguage\":\"es\",\"potentialAction\":[{\"@type\":\"ReadAction\",\"target\":[\"https:\\\/\\\/elcall.cat\\\/es\\\/politica-de-galletas\\\/\"]}]},{\"@type\":\"BreadcrumbList\",\"@id\":\"https:\\\/\\\/elcall.cat\\\/es\\\/politica-de-galletas\\\/#breadcrumb\",\"itemListElement\":[{\"@type\":\"ListItem\",\"position\":1,\"name\":\"Inici\",\"item\":\"https:\\\/\\\/elcall.cat\\\/es\\\/inicio\\\/\"},{\"@type\":\"ListItem\",\"position\":2,\"name\":\"Pol\u00edtica de galletas\"}]},{\"@type\":\"WebSite\",\"@id\":\"https:\\\/\\\/elcall.cat\\\/es\\\/#website\",\"url\":\"https:\\\/\\\/elcall.cat\\\/es\\\/\",\"name\":\"El Call d'Od\u00e8n\",\"description\":\"\",\"publisher\":{\"@id\":\"https:\\\/\\\/elcall.cat\\\/es\\\/#organization\"},\"potentialAction\":[{\"@type\":\"SearchAction\",\"target\":{\"@type\":\"EntryPoint\",\"urlTemplate\":\"https:\\\/\\\/elcall.cat\\\/es\\\/?s={search_term_string}\"},\"query-input\":{\"@type\":\"PropertyValueSpecification\",\"valueRequired\":true,\"valueName\":\"search_term_string\"}}],\"inLanguage\":\"es\"},{\"@type\":\"Organization\",\"@id\":\"https:\\\/\\\/elcall.cat\\\/es\\\/#organization\",\"name\":\"El Call d'Od\u00e8n\",\"url\":\"https:\\\/\\\/elcall.cat\\\/es\\\/\",\"logo\":{\"@type\":\"ImageObject\",\"inLanguage\":\"es\",\"@id\":\"https:\\\/\\\/elcall.cat\\\/es\\\/#\\\/schema\\\/logo\\\/image\\\/\",\"url\":\"https:\\\/\\\/elcall.cat\\\/wp-content\\\/uploads\\\/2026\\\/03\\\/screenshot.jpg\",\"contentUrl\":\"https:\\\/\\\/elcall.cat\\\/wp-content\\\/uploads\\\/2026\\\/03\\\/screenshot.jpg\",\"width\":1200,\"height\":900,\"caption\":\"El Call d'Od\u00e8n\"},\"image\":{\"@id\":\"https:\\\/\\\/elcall.cat\\\/es\\\/#\\\/schema\\\/logo\\\/image\\\/\"}}]}<\/script>\n<!-- \/ Yoast SEO plugin. -->","yoast_head_json":{"title":"Pol\u00edtica de galletas - El Call d&#039;Od\u00e8n","robots":{"index":"index","follow":"follow","max-snippet":"max-snippet:-1","max-image-preview":"max-image-preview:large","max-video-preview":"max-video-preview:-1"},"canonical":"https:\/\/elcall.cat\/es\/politica-de-galletas\/","og_locale":"es_ES","og_type":"article","og_title":"Pol\u00edtica de galletas - El Call d&#039;Od\u00e8n","og_description":"La empresa se reserva el derecho de utilizar la tecnolog\u00eda \u00abcookie\u00bb (galletas) en el espacio web con el fin de reconoceros como usuario frecuente y personalizar el uso que realizais del espacio web mediante la preselecci\u00f3n de contenidos preferidos. Las galletas son ficheros enviados al navegador, por medio de un servidor web. Si lo dese\u00e1is [&hellip;]","og_url":"https:\/\/elcall.cat\/es\/politica-de-galletas\/","og_site_name":"El Call d&#039;Od\u00e8n","twitter_card":"summary_large_image","twitter_misc":{"Tiempo de lectura":"2 minutos"},"schema":{"@context":"https:\/\/schema.org","@graph":[{"@type":"WebPage","@id":"https:\/\/elcall.cat\/es\/politica-de-galletas\/","url":"https:\/\/elcall.cat\/es\/politica-de-galletas\/","name":"Pol\u00edtica de galletas - El Call d&#039;Od\u00e8n","isPartOf":{"@id":"https:\/\/elcall.cat\/es\/#website"},"datePublished":"2026-01-12T10:36:52+00:00","breadcrumb":{"@id":"https:\/\/elcall.cat\/es\/politica-de-galletas\/#breadcrumb"},"inLanguage":"es","potentialAction":[{"@type":"ReadAction","target":["https:\/\/elcall.cat\/es\/politica-de-galletas\/"]}]},{"@type":"BreadcrumbList","@id":"https:\/\/elcall.cat\/es\/politica-de-galletas\/#breadcrumb","itemListElement":[{"@type":"ListItem","position":1,"name":"Inici","item":"https:\/\/elcall.cat\/es\/inicio\/"},{"@type":"ListItem","position":2,"name":"Pol\u00edtica de galletas"}]},{"@type":"WebSite","@id":"https:\/\/elcall.cat\/es\/#website","url":"https:\/\/elcall.cat\/es\/","name":"El Call d'Od\u00e8n","description":"","publisher":{"@id":"https:\/\/elcall.cat\/es\/#organization"},"potentialAction":[{"@type":"SearchAction","target":{"@type":"EntryPoint","urlTemplate":"https:\/\/elcall.cat\/es\/?s={search_term_string}"},"query-input":{"@type":"PropertyValueSpecification","valueRequired":true,"valueName":"search_term_string"}}],"inLanguage":"es"},{"@type":"Organization","@id":"https:\/\/elcall.cat\/es\/#organization","name":"El Call d'Od\u00e8n","url":"https:\/\/elcall.cat\/es\/","logo":{"@type":"ImageObject","inLanguage":"es","@id":"https:\/\/elcall.cat\/es\/#\/schema\/logo\/image\/","url":"https:\/\/elcall.cat\/wp-content\/uploads\/2026\/03\/screenshot.jpg","contentUrl":"https:\/\/elcall.cat\/wp-content\/uploads\/2026\/03\/screenshot.jpg","width":1200,"height":900,"caption":"El Call d'Od\u00e8n"},"image":{"@id":"https:\/\/elcall.cat\/es\/#\/schema\/logo\/image\/"}}]}},"_links":{"self":[{"href":"https:\/\/elcall.cat\/es\/wp-json\/wp\/v2\/pages\/781","targetHints":{"allow":["GET"]}}],"collection":[{"href":"https:\/\/elcall.cat\/es\/wp-json\/wp\/v2\/pages"}],"about":[{"href":"https:\/\/elcall.cat\/es\/wp-json\/wp\/v2\/types\/page"}],"author":[{"embeddable":true,"href":"https:\/\/elcall.cat\/es\/wp-json\/wp\/v2\/users\/1"}],"replies":[{"embeddable":true,"href":"https:\/\/elcall.cat\/es\/wp-json\/wp\/v2\/comments?post=781"}],"version-history":[{"count":0,"href":"https:\/\/elcall.cat\/es\/wp-json\/wp\/v2\/pages\/781\/revisions"}],"wp:attachment":[{"href":"https:\/\/elcall.cat\/es\/wp-json\/wp\/v2\/media?parent=781"}],"curies":[{"name":"wp","href":"https:\/\/api.w.org\/{rel}","templated":true}]}}