{"id":778,"date":"2026-01-12T12:36:45","date_gmt":"2026-01-12T10:36:45","guid":{"rendered":"https:\/\/elcall.cat\/politica-de-privacidad\/"},"modified":"2026-01-12T12:36:45","modified_gmt":"2026-01-12T10:36:45","slug":"politica-de-privacidad","status":"publish","type":"page","link":"https:\/\/elcall.cat\/es\/politica-de-privacidad\/","title":{"rendered":"Pol\u00edtica de privacidad"},"content":{"rendered":"<p><strong>I.- \u00bfQui\u00e9n es el responsable del tratamiento de vuestros datos?<\/strong><\/p>\n<p>Josep Call Prun\u00e9s<br \/>\nDirecci\u00f3n postal: Casa Call 25283 OD\u00c8N<br \/>\nTel\u00e9fono: 689477590<br \/>\nDirecci\u00f3n electr\u00f3nica: call@elcall.org<\/p>\n<p>&nbsp;<\/p>\n<p><strong>II.- \u00bfCon qu\u00e9 finalidad tratamos vuestros datos personales?<\/strong><\/p>\n<p>La informaci\u00f3n facilitada por las personas interesadas la destinamos a las finalidades siguientes:<\/p>\n<ul>\n<li>F1 Finalidad contractual. Tratamos los datos personales que sean necesarios para la formalizaci\u00f3n del contrato de prestaci\u00f3n del servicio de alojamiento tur\u00edstico. <\/li>\n<li>F2 Finalidad legal. Vuestros datos personales tambi\u00e9n son tratados al amparo de lo dispuesto en la normativa sectorial, en especial:\n<ul>\n<li>la normativa tributaria<\/li>\n<li>la normativa mercantil<\/li>\n<li>la normativa de seguridad ciudadana (obligaci\u00f3n de registro en establecimientos de hospedaje)<\/li>\n<\/ul>\n<\/li>\n<li>F3 Finalidad comercial. Si nos dais vuestro consentimiento, os enviaremos por correo electr\u00f3nico informaci\u00f3n relativa a nuestro establecimiento (novedades, actividades, obsequios o promociones). <\/li>\n<\/ul>\n<p>&nbsp;<\/p>\n<p><strong>III.- \u00bfCu\u00e1nto tiempo conservaremos vuestros datos?<\/strong><\/p>\n<p>Los datos personales proporcionados se conservar\u00e1n durante los plazos que se indican a continuaci\u00f3n:<\/p>\n<ul>\n<li>Los datos que tienen una finalidad contractual y legal (tributaria y mercantil) los conservaremos durante un plazo de 5 a\u00f1os.<\/li>\n<li>Los datos y la documentaci\u00f3n necesarios para dar cumplimiento a la normativa de seguridad ciudadana, los conservaremos durante un plazo de 3 a\u00f1os.<\/li>\n<li>Los datos que nos facilite con finalidad comercial, los trataremos durante un plazo de 5 a\u00f1os a partir de la \u00faltima confirmaci\u00f3n de inter\u00e9s, siempre y cuando no solicite su supresi\u00f3n o cancelaci\u00f3n con anterioridad.<\/li>\n<\/ul>\n<p>&nbsp;<\/p>\n<p><strong>IV.- \u00bfCu\u00e1l es la legitimaci\u00f3n para el tratamiento de vuestros datos?<\/strong><\/p>\n<ul>\n<li>En cuanto a la finalidad contractual, la base legal para el tratamiento de vuestros datos es el cumplimiento del contrato de prestaci\u00f3n del servicio de alojamiento tur\u00edstico (incluyendo la gesti\u00f3n precontractual), en cumplimiento del r\u00e9gimen jur\u00eddico establecido por el decreto 75\/2020, de 4 de agosto, de turismo de Catalu\u00f1a.<\/li>\n<li>En cuanto a la finalidad legal, la base legal para el tratamiento de vuestros datos es la siguiente:\n<ul>\n<li>la normativa tributaria (general, de facturaci\u00f3n y la propia de cada tributo)<\/li>\n<li>la normativa mercantil<\/li>\n<li>la normativa se seguridad ciudadana: Real Decreto 933\/2021, de 26 de octubre, por el que se establecen las obligaciones de registro documental e informaci\u00f3n de las personas f\u00edsicas o jur\u00eddicas que ejercen actividades de hospedaje y alquiler de veh\u00edculos a motor.<\/li>\n<\/ul>\n<\/li>\n<li>En cuanto a la finalidad comercial, la base legal para el tratamiento de los datos es vuestro consentimiento, que pod\u00e9is retirar en cualquier momento.<\/li>\n<\/ul>\n<p>&nbsp;<\/p>\n<p><strong>V.- \u00bfA qu\u00e9 destinatarios se comunicar\u00e1n vuestros datos?<\/strong><\/p>\n<p>En cumplimiento de lo que disponga la normativa sectorial, vuestros datos \u00fanicamente ser\u00e1n comunicados a los \u00f3rganos de la Administraci\u00f3n p\u00fablica que sean competentes para tratarlos. Los datos no se comunicar\u00e1n a otras empresas o a terceros, ni se transferir\u00e1n a un tercer pa\u00eds u organizaci\u00f3n internacional. <\/p>\n<p>&nbsp;<\/p>\n<p><strong>VI.- \u00bfCu\u00e1les son vuestros derechos?<\/strong><\/p>\n<ul>\n<li>Cualquier persona tiene derecho a obtener confirmaci\u00f3n sobre si se est\u00e1n tratando datos personales que la concierne, o no.<\/li>\n<li>Las personas interesadas tienen derecho a acceder a sus datos personales, as\u00ed como a solicitar la rectificaci\u00f3n de los datos inexactos o, en su caso, solicitar su supresi\u00f3n, entre otros motivos, cuando los datos ya no sean necesarios para las finalidades para las que se recogieron.<\/li>\n<li>En determinadas circunstancias previstas en el art\u00edculo 18 del Reglamento General de Protecci\u00f3n de Datos, los interesados pueden solicitar la limitaci\u00f3n del tratamiento de sus datos.<\/li>\n<li>Los interesados pueden oponerse al tratamiento de sus datos. El responsable del tratamiento dejar\u00e1 de tratar los datos, salvo motivos leg\u00edtimos imperiosos o para ejercer o defender posibles reclamaciones. <\/li>\n<\/ul>\n<p>&nbsp;<\/p>\n<p><strong>VII.- \u00bfC\u00f3mo pod\u00e9is ejercer los derechos?<\/strong><\/p>\n<ul>\n<li>Mediante un escrito dirigido a Josep Call Prun\u00e9s, Casa Call 25283 OD\u00c8N<\/li>\n<li>Mediante un escrito dirigido a la siguiente direcci\u00f3n de correo electr\u00f3nico: call@elcall.org<\/li>\n<li>Mediante el formulario electr\u00f3nico disponible en: https:\/\/elcall.cat<\/li>\n<\/ul>\n<p>&nbsp;<\/p>\n<p><strong>VIII.- \u00bfQu\u00e9 v\u00edas de reclamaci\u00f3n hay?<\/strong><\/p>\n<p>Si consider\u00e1is que vuestros derechos no se han atendido adecuadamente, ten\u00e9is derecho a presentar una reclamaci\u00f3n ante la Agencia Espa\u00f1ola de Protecci\u00f3n de Datos (AEPD).<\/p>\n<p>&nbsp;<\/p>\n<p><strong>IX.- Normativa reguladora<\/strong><\/p>\n<ul>\n<li>El Reglamento (UE) 2016\/679 del Parlamento Europeo y del Consejo, de 27 de abril de 2016 (Reglamento general de protecci\u00f3n de datos, RGPD)<\/li>\n<li>La Ley Org\u00e1nica 3\/2018, de 5 de diciembre, de Protecci\u00f3n de Datos Personales y garant\u00eda de los derechos digitales (LOPDGDD)<\/li>\n<\/ul>\n","protected":false},"excerpt":{"rendered":"<p>I.- \u00bfQui\u00e9n es el responsable del tratamiento de vuestros datos? Josep Call Prun\u00e9s Direcci\u00f3n postal: Casa Call 25283 OD\u00c8N Tel\u00e9fono: 689477590 Direcci\u00f3n electr\u00f3nica: call@elcall.org &nbsp; II.- \u00bfCon qu\u00e9 finalidad tratamos vuestros datos personales? La informaci\u00f3n facilitada por las personas interesadas la destinamos a las finalidades siguientes: F1 Finalidad contractual. Tratamos los datos personales que sean [&hellip;]<\/p>\n","protected":false},"author":1,"featured_media":0,"parent":0,"menu_order":25,"comment_status":"closed","ping_status":"closed","template":"page-legal.php","meta":{"_acf_changed":false,"footnotes":""},"class_list":["post-778","page","type-page","status-publish","hentry"],"acf":[],"yoast_head":"<!-- This site is optimized with the Yoast SEO plugin v27.3 - https:\/\/yoast.com\/product\/yoast-seo-wordpress\/ -->\n<title>Pol\u00edtica de privacidad - El Call d&#039;Od\u00e8n<\/title>\n<meta name=\"robots\" content=\"index, follow, max-snippet:-1, max-image-preview:large, max-video-preview:-1\" \/>\n<link rel=\"canonical\" href=\"https:\/\/elcall.cat\/es\/politica-de-privacidad\/\" \/>\n<meta property=\"og:locale\" content=\"es_ES\" \/>\n<meta property=\"og:type\" content=\"article\" \/>\n<meta property=\"og:title\" content=\"Pol\u00edtica de privacidad - El Call d&#039;Od\u00e8n\" \/>\n<meta property=\"og:description\" content=\"I.- \u00bfQui\u00e9n es el responsable del tratamiento de vuestros datos? Josep Call Prun\u00e9s Direcci\u00f3n postal: Casa Call 25283 OD\u00c8N Tel\u00e9fono: 689477590 Direcci\u00f3n electr\u00f3nica: call@elcall.org &nbsp; II.- \u00bfCon qu\u00e9 finalidad tratamos vuestros datos personales? La informaci\u00f3n facilitada por las personas interesadas la destinamos a las finalidades siguientes: F1 Finalidad contractual. Tratamos los datos personales que sean [&hellip;]\" \/>\n<meta property=\"og:url\" content=\"https:\/\/elcall.cat\/es\/politica-de-privacidad\/\" \/>\n<meta property=\"og:site_name\" content=\"El Call d&#039;Od\u00e8n\" \/>\n<meta name=\"twitter:card\" content=\"summary_large_image\" \/>\n<meta name=\"twitter:label1\" content=\"Tiempo de lectura\" \/>\n\t<meta name=\"twitter:data1\" content=\"4 minutos\" \/>\n<script type=\"application\/ld+json\" class=\"yoast-schema-graph\">{\"@context\":\"https:\\\/\\\/schema.org\",\"@graph\":[{\"@type\":\"WebPage\",\"@id\":\"https:\\\/\\\/elcall.cat\\\/es\\\/politica-de-privacidad\\\/\",\"url\":\"https:\\\/\\\/elcall.cat\\\/es\\\/politica-de-privacidad\\\/\",\"name\":\"Pol\u00edtica de privacidad - El Call d&#039;Od\u00e8n\",\"isPartOf\":{\"@id\":\"https:\\\/\\\/elcall.cat\\\/es\\\/#website\"},\"datePublished\":\"2026-01-12T10:36:45+00:00\",\"breadcrumb\":{\"@id\":\"https:\\\/\\\/elcall.cat\\\/es\\\/politica-de-privacidad\\\/#breadcrumb\"},\"inLanguage\":\"es\",\"potentialAction\":[{\"@type\":\"ReadAction\",\"target\":[\"https:\\\/\\\/elcall.cat\\\/es\\\/politica-de-privacidad\\\/\"]}]},{\"@type\":\"BreadcrumbList\",\"@id\":\"https:\\\/\\\/elcall.cat\\\/es\\\/politica-de-privacidad\\\/#breadcrumb\",\"itemListElement\":[{\"@type\":\"ListItem\",\"position\":1,\"name\":\"Inici\",\"item\":\"https:\\\/\\\/elcall.cat\\\/es\\\/inicio\\\/\"},{\"@type\":\"ListItem\",\"position\":2,\"name\":\"Pol\u00edtica de privacidad\"}]},{\"@type\":\"WebSite\",\"@id\":\"https:\\\/\\\/elcall.cat\\\/es\\\/#website\",\"url\":\"https:\\\/\\\/elcall.cat\\\/es\\\/\",\"name\":\"El Call d'Od\u00e8n\",\"description\":\"\",\"publisher\":{\"@id\":\"https:\\\/\\\/elcall.cat\\\/es\\\/#organization\"},\"potentialAction\":[{\"@type\":\"SearchAction\",\"target\":{\"@type\":\"EntryPoint\",\"urlTemplate\":\"https:\\\/\\\/elcall.cat\\\/es\\\/?s={search_term_string}\"},\"query-input\":{\"@type\":\"PropertyValueSpecification\",\"valueRequired\":true,\"valueName\":\"search_term_string\"}}],\"inLanguage\":\"es\"},{\"@type\":\"Organization\",\"@id\":\"https:\\\/\\\/elcall.cat\\\/es\\\/#organization\",\"name\":\"El Call d'Od\u00e8n\",\"url\":\"https:\\\/\\\/elcall.cat\\\/es\\\/\",\"logo\":{\"@type\":\"ImageObject\",\"inLanguage\":\"es\",\"@id\":\"https:\\\/\\\/elcall.cat\\\/es\\\/#\\\/schema\\\/logo\\\/image\\\/\",\"url\":\"https:\\\/\\\/elcall.cat\\\/wp-content\\\/uploads\\\/2026\\\/03\\\/screenshot.jpg\",\"contentUrl\":\"https:\\\/\\\/elcall.cat\\\/wp-content\\\/uploads\\\/2026\\\/03\\\/screenshot.jpg\",\"width\":1200,\"height\":900,\"caption\":\"El Call d'Od\u00e8n\"},\"image\":{\"@id\":\"https:\\\/\\\/elcall.cat\\\/es\\\/#\\\/schema\\\/logo\\\/image\\\/\"}}]}<\/script>\n<!-- \/ Yoast SEO plugin. -->","yoast_head_json":{"title":"Pol\u00edtica de privacidad - El Call d&#039;Od\u00e8n","robots":{"index":"index","follow":"follow","max-snippet":"max-snippet:-1","max-image-preview":"max-image-preview:large","max-video-preview":"max-video-preview:-1"},"canonical":"https:\/\/elcall.cat\/es\/politica-de-privacidad\/","og_locale":"es_ES","og_type":"article","og_title":"Pol\u00edtica de privacidad - El Call d&#039;Od\u00e8n","og_description":"I.- \u00bfQui\u00e9n es el responsable del tratamiento de vuestros datos? Josep Call Prun\u00e9s Direcci\u00f3n postal: Casa Call 25283 OD\u00c8N Tel\u00e9fono: 689477590 Direcci\u00f3n electr\u00f3nica: call@elcall.org &nbsp; II.- \u00bfCon qu\u00e9 finalidad tratamos vuestros datos personales? La informaci\u00f3n facilitada por las personas interesadas la destinamos a las finalidades siguientes: F1 Finalidad contractual. Tratamos los datos personales que sean [&hellip;]","og_url":"https:\/\/elcall.cat\/es\/politica-de-privacidad\/","og_site_name":"El Call d&#039;Od\u00e8n","twitter_card":"summary_large_image","twitter_misc":{"Tiempo de lectura":"4 minutos"},"schema":{"@context":"https:\/\/schema.org","@graph":[{"@type":"WebPage","@id":"https:\/\/elcall.cat\/es\/politica-de-privacidad\/","url":"https:\/\/elcall.cat\/es\/politica-de-privacidad\/","name":"Pol\u00edtica de privacidad - El Call d&#039;Od\u00e8n","isPartOf":{"@id":"https:\/\/elcall.cat\/es\/#website"},"datePublished":"2026-01-12T10:36:45+00:00","breadcrumb":{"@id":"https:\/\/elcall.cat\/es\/politica-de-privacidad\/#breadcrumb"},"inLanguage":"es","potentialAction":[{"@type":"ReadAction","target":["https:\/\/elcall.cat\/es\/politica-de-privacidad\/"]}]},{"@type":"BreadcrumbList","@id":"https:\/\/elcall.cat\/es\/politica-de-privacidad\/#breadcrumb","itemListElement":[{"@type":"ListItem","position":1,"name":"Inici","item":"https:\/\/elcall.cat\/es\/inicio\/"},{"@type":"ListItem","position":2,"name":"Pol\u00edtica de privacidad"}]},{"@type":"WebSite","@id":"https:\/\/elcall.cat\/es\/#website","url":"https:\/\/elcall.cat\/es\/","name":"El Call d'Od\u00e8n","description":"","publisher":{"@id":"https:\/\/elcall.cat\/es\/#organization"},"potentialAction":[{"@type":"SearchAction","target":{"@type":"EntryPoint","urlTemplate":"https:\/\/elcall.cat\/es\/?s={search_term_string}"},"query-input":{"@type":"PropertyValueSpecification","valueRequired":true,"valueName":"search_term_string"}}],"inLanguage":"es"},{"@type":"Organization","@id":"https:\/\/elcall.cat\/es\/#organization","name":"El Call d'Od\u00e8n","url":"https:\/\/elcall.cat\/es\/","logo":{"@type":"ImageObject","inLanguage":"es","@id":"https:\/\/elcall.cat\/es\/#\/schema\/logo\/image\/","url":"https:\/\/elcall.cat\/wp-content\/uploads\/2026\/03\/screenshot.jpg","contentUrl":"https:\/\/elcall.cat\/wp-content\/uploads\/2026\/03\/screenshot.jpg","width":1200,"height":900,"caption":"El Call d'Od\u00e8n"},"image":{"@id":"https:\/\/elcall.cat\/es\/#\/schema\/logo\/image\/"}}]}},"_links":{"self":[{"href":"https:\/\/elcall.cat\/es\/wp-json\/wp\/v2\/pages\/778","targetHints":{"allow":["GET"]}}],"collection":[{"href":"https:\/\/elcall.cat\/es\/wp-json\/wp\/v2\/pages"}],"about":[{"href":"https:\/\/elcall.cat\/es\/wp-json\/wp\/v2\/types\/page"}],"author":[{"embeddable":true,"href":"https:\/\/elcall.cat\/es\/wp-json\/wp\/v2\/users\/1"}],"replies":[{"embeddable":true,"href":"https:\/\/elcall.cat\/es\/wp-json\/wp\/v2\/comments?post=778"}],"version-history":[{"count":0,"href":"https:\/\/elcall.cat\/es\/wp-json\/wp\/v2\/pages\/778\/revisions"}],"wp:attachment":[{"href":"https:\/\/elcall.cat\/es\/wp-json\/wp\/v2\/media?parent=778"}],"curies":[{"name":"wp","href":"https:\/\/api.w.org\/{rel}","templated":true}]}}