{"id":651,"date":"2026-01-15T17:12:12","date_gmt":"2026-01-15T15:12:12","guid":{"rendered":"https:\/\/elcall.cat\/historia\/la-familia-y-la-casa-antigua\/"},"modified":"2026-01-15T17:12:12","modified_gmt":"2026-01-15T15:12:12","slug":"la-familia-y-la-casa-antigua","status":"publish","type":"page","link":"https:\/\/elcall.cat\/es\/historia\/la-familia-y-la-casa-antigua\/","title":{"rendered":"La Familia y la Casa antigua"},"content":{"rendered":"<h2>Historia<\/h2>\n<p>Los primeros registros que se han encontrado de la casa datan de 1306, cuando se llamaba Can Cabrit. El primer miembro documentado es Arnau Call, el cual se cas\u00f3 con Proven\u00e7a y juntos iniciaron la saga de los Call.<\/p>\n<p>Arnau Call muri\u00f3 en 1340.<\/p>\n<p>Alrededor de 1400, Joan de la Call se cas\u00f3 con Elisabet Sol\u00e0, hija de Pere Sol\u00e0 que era el Se\u00f1or de Od\u00e8n. Viv\u00edan en el Castillo de Od\u00e8n.<\/p>\n<p>Las generaciones han ido pasando y, hasta este momento, la familia sigue viviendo en la casa solariega del Call d\u2019Od\u00e8n.<\/p>\n<p><img decoding=\"async\" class=\"alignnone wp-image-227 size-full lazyload\" data-src=\"http:\/\/elcall.cat\/wp-content\/uploads\/2026\/01\/his-recull-plalla.jpg\" alt=\"\" width=\"1000\" height=\"662\" data-srcset=\"https:\/\/elcall.cat\/wp-content\/uploads\/2026\/01\/his-recull-plalla.jpg 1000w, https:\/\/elcall.cat\/wp-content\/uploads\/2026\/01\/his-recull-plalla-300x199.jpg 300w, https:\/\/elcall.cat\/wp-content\/uploads\/2026\/01\/his-recull-plalla-768x508.jpg 768w, https:\/\/elcall.cat\/wp-content\/uploads\/2026\/01\/his-recull-plalla-773x512.jpg 773w, https:\/\/elcall.cat\/wp-content\/uploads\/2026\/01\/his-recull-plalla-340x225.jpg 340w\" data-sizes=\"(max-width: 1000px) 100vw, 1000px\" src=\"data:image\/svg+xml;base64,PHN2ZyB3aWR0aD0iMSIgaGVpZ2h0PSIxIiB4bWxucz0iaHR0cDovL3d3dy53My5vcmcvMjAwMC9zdmciPjwvc3ZnPg==\" style=\"--smush-placeholder-width: 1000px; --smush-placeholder-aspect-ratio: 1000\/662;\" \/><\/p>\n<p>&nbsp;<\/p>\n<h2>Casa Antigua<\/h2>\n<p>La casa data del siglo XIII y consta de tres plantas de 400 m2 cada una.<\/p>\n<p>En las cuadras, situadas en la planta baja, viv\u00edan los animales que proporcionaban calor a la vivienda de la familia y a los trabajadores que viv\u00edan en la primera planta.<\/p>\n<p>En la tercera planta o desv\u00e1n estaban las despensas y graneros.<\/p>\n<p>Hoy en d\u00eda la familia habita en la primera planta y los animales se encuentran en corrales fuera de la casa.<\/p>\n<p><img decoding=\"async\" class=\"alignnone wp-image-226 size-full lazyload\" data-src=\"http:\/\/elcall.cat\/wp-content\/uploads\/2026\/01\/call-entrada.jpg\" alt=\"\" width=\"1000\" height=\"688\" data-srcset=\"https:\/\/elcall.cat\/wp-content\/uploads\/2026\/01\/call-entrada.jpg 1000w, https:\/\/elcall.cat\/wp-content\/uploads\/2026\/01\/call-entrada-300x206.jpg 300w, https:\/\/elcall.cat\/wp-content\/uploads\/2026\/01\/call-entrada-768x528.jpg 768w, https:\/\/elcall.cat\/wp-content\/uploads\/2026\/01\/call-entrada-773x532.jpg 773w, https:\/\/elcall.cat\/wp-content\/uploads\/2026\/01\/call-entrada-340x234.jpg 340w\" data-sizes=\"(max-width: 1000px) 100vw, 1000px\" src=\"data:image\/svg+xml;base64,PHN2ZyB3aWR0aD0iMSIgaGVpZ2h0PSIxIiB4bWxucz0iaHR0cDovL3d3dy53My5vcmcvMjAwMC9zdmciPjwvc3ZnPg==\" style=\"--smush-placeholder-width: 1000px; --smush-placeholder-aspect-ratio: 1000\/688;\" \/><\/p>\n<p>&nbsp;<\/p>\n","protected":false},"excerpt":{"rendered":"<p>Historia Los primeros registros que se han encontrado de la casa datan de 1306, cuando se llamaba Can Cabrit. El primer miembro documentado es Arnau Call, el cual se cas\u00f3 con Proven\u00e7a y juntos iniciaron la saga de los Call. Arnau Call muri\u00f3 en 1340. Alrededor de 1400, Joan de la Call se cas\u00f3 con [&hellip;]<\/p>\n","protected":false},"author":1,"featured_media":650,"parent":581,"menu_order":2,"comment_status":"closed","ping_status":"closed","template":"page-base.php","meta":{"_acf_changed":false,"footnotes":""},"class_list":["post-651","page","type-page","status-publish","has-post-thumbnail","hentry"],"acf":[],"yoast_head":"<!-- This site is optimized with the Yoast SEO plugin v27.3 - https:\/\/yoast.com\/product\/yoast-seo-wordpress\/ -->\n<title>La Familia y la Casa antigua - El Call d&#039;Od\u00e8n<\/title>\n<meta name=\"robots\" content=\"index, follow, max-snippet:-1, max-image-preview:large, max-video-preview:-1\" \/>\n<link rel=\"canonical\" href=\"https:\/\/elcall.cat\/es\/historia\/la-familia-y-la-casa-antigua\/\" \/>\n<meta property=\"og:locale\" content=\"es_ES\" \/>\n<meta property=\"og:type\" content=\"article\" \/>\n<meta property=\"og:title\" content=\"La Familia y la Casa antigua - El Call d&#039;Od\u00e8n\" \/>\n<meta property=\"og:description\" content=\"Historia Los primeros registros que se han encontrado de la casa datan de 1306, cuando se llamaba Can Cabrit. El primer miembro documentado es Arnau Call, el cual se cas\u00f3 con Proven\u00e7a y juntos iniciaron la saga de los Call. Arnau Call muri\u00f3 en 1340. Alrededor de 1400, Joan de la Call se cas\u00f3 con [&hellip;]\" \/>\n<meta property=\"og:url\" content=\"https:\/\/elcall.cat\/es\/historia\/la-familia-y-la-casa-antigua\/\" \/>\n<meta property=\"og:site_name\" content=\"El Call d&#039;Od\u00e8n\" \/>\n<meta property=\"og:image\" content=\"https:\/\/elcall.cat\/wp-content\/uploads\/2026\/01\/la-casa-antiga2-1.jpg\" \/>\n\t<meta property=\"og:image:width\" content=\"2000\" \/>\n\t<meta property=\"og:image:height\" content=\"1072\" \/>\n\t<meta property=\"og:image:type\" content=\"image\/jpeg\" \/>\n<meta name=\"twitter:card\" content=\"summary_large_image\" \/>\n<meta name=\"twitter:label1\" content=\"Tiempo de lectura\" \/>\n\t<meta name=\"twitter:data1\" content=\"1 minuto\" \/>\n<script type=\"application\/ld+json\" class=\"yoast-schema-graph\">{\"@context\":\"https:\\\/\\\/schema.org\",\"@graph\":[{\"@type\":\"WebPage\",\"@id\":\"https:\\\/\\\/elcall.cat\\\/es\\\/historia\\\/la-familia-y-la-casa-antigua\\\/\",\"url\":\"https:\\\/\\\/elcall.cat\\\/es\\\/historia\\\/la-familia-y-la-casa-antigua\\\/\",\"name\":\"La Familia y la Casa antigua - El Call d&#039;Od\u00e8n\",\"isPartOf\":{\"@id\":\"https:\\\/\\\/elcall.cat\\\/es\\\/#website\"},\"primaryImageOfPage\":{\"@id\":\"https:\\\/\\\/elcall.cat\\\/es\\\/historia\\\/la-familia-y-la-casa-antigua\\\/#primaryimage\"},\"image\":{\"@id\":\"https:\\\/\\\/elcall.cat\\\/es\\\/historia\\\/la-familia-y-la-casa-antigua\\\/#primaryimage\"},\"thumbnailUrl\":\"https:\\\/\\\/elcall.cat\\\/wp-content\\\/uploads\\\/2026\\\/01\\\/la-casa-antiga2-1.jpg\",\"datePublished\":\"2026-01-15T15:12:12+00:00\",\"breadcrumb\":{\"@id\":\"https:\\\/\\\/elcall.cat\\\/es\\\/historia\\\/la-familia-y-la-casa-antigua\\\/#breadcrumb\"},\"inLanguage\":\"es\",\"potentialAction\":[{\"@type\":\"ReadAction\",\"target\":[\"https:\\\/\\\/elcall.cat\\\/es\\\/historia\\\/la-familia-y-la-casa-antigua\\\/\"]}]},{\"@type\":\"ImageObject\",\"inLanguage\":\"es\",\"@id\":\"https:\\\/\\\/elcall.cat\\\/es\\\/historia\\\/la-familia-y-la-casa-antigua\\\/#primaryimage\",\"url\":\"https:\\\/\\\/elcall.cat\\\/wp-content\\\/uploads\\\/2026\\\/01\\\/la-casa-antiga2-1.jpg\",\"contentUrl\":\"https:\\\/\\\/elcall.cat\\\/wp-content\\\/uploads\\\/2026\\\/01\\\/la-casa-antiga2-1.jpg\",\"width\":2000,\"height\":1072},{\"@type\":\"BreadcrumbList\",\"@id\":\"https:\\\/\\\/elcall.cat\\\/es\\\/historia\\\/la-familia-y-la-casa-antigua\\\/#breadcrumb\",\"itemListElement\":[{\"@type\":\"ListItem\",\"position\":1,\"name\":\"Inici\",\"item\":\"https:\\\/\\\/elcall.cat\\\/es\\\/inicio\\\/\"},{\"@type\":\"ListItem\",\"position\":2,\"name\":\"Historia\",\"item\":\"https:\\\/\\\/elcall.cat\\\/es\\\/historia\\\/\"},{\"@type\":\"ListItem\",\"position\":3,\"name\":\"La Familia y la Casa antigua\"}]},{\"@type\":\"WebSite\",\"@id\":\"https:\\\/\\\/elcall.cat\\\/es\\\/#website\",\"url\":\"https:\\\/\\\/elcall.cat\\\/es\\\/\",\"name\":\"El Call d'Od\u00e8n\",\"description\":\"\",\"publisher\":{\"@id\":\"https:\\\/\\\/elcall.cat\\\/es\\\/#organization\"},\"potentialAction\":[{\"@type\":\"SearchAction\",\"target\":{\"@type\":\"EntryPoint\",\"urlTemplate\":\"https:\\\/\\\/elcall.cat\\\/es\\\/?s={search_term_string}\"},\"query-input\":{\"@type\":\"PropertyValueSpecification\",\"valueRequired\":true,\"valueName\":\"search_term_string\"}}],\"inLanguage\":\"es\"},{\"@type\":\"Organization\",\"@id\":\"https:\\\/\\\/elcall.cat\\\/es\\\/#organization\",\"name\":\"El Call d'Od\u00e8n\",\"url\":\"https:\\\/\\\/elcall.cat\\\/es\\\/\",\"logo\":{\"@type\":\"ImageObject\",\"inLanguage\":\"es\",\"@id\":\"https:\\\/\\\/elcall.cat\\\/es\\\/#\\\/schema\\\/logo\\\/image\\\/\",\"url\":\"https:\\\/\\\/elcall.cat\\\/wp-content\\\/uploads\\\/2026\\\/03\\\/screenshot.jpg\",\"contentUrl\":\"https:\\\/\\\/elcall.cat\\\/wp-content\\\/uploads\\\/2026\\\/03\\\/screenshot.jpg\",\"width\":1200,\"height\":900,\"caption\":\"El Call d'Od\u00e8n\"},\"image\":{\"@id\":\"https:\\\/\\\/elcall.cat\\\/es\\\/#\\\/schema\\\/logo\\\/image\\\/\"}}]}<\/script>\n<!-- \/ Yoast SEO plugin. -->","yoast_head_json":{"title":"La Familia y la Casa antigua - El Call d&#039;Od\u00e8n","robots":{"index":"index","follow":"follow","max-snippet":"max-snippet:-1","max-image-preview":"max-image-preview:large","max-video-preview":"max-video-preview:-1"},"canonical":"https:\/\/elcall.cat\/es\/historia\/la-familia-y-la-casa-antigua\/","og_locale":"es_ES","og_type":"article","og_title":"La Familia y la Casa antigua - El Call d&#039;Od\u00e8n","og_description":"Historia Los primeros registros que se han encontrado de la casa datan de 1306, cuando se llamaba Can Cabrit. El primer miembro documentado es Arnau Call, el cual se cas\u00f3 con Proven\u00e7a y juntos iniciaron la saga de los Call. Arnau Call muri\u00f3 en 1340. Alrededor de 1400, Joan de la Call se cas\u00f3 con [&hellip;]","og_url":"https:\/\/elcall.cat\/es\/historia\/la-familia-y-la-casa-antigua\/","og_site_name":"El Call d&#039;Od\u00e8n","og_image":[{"width":2000,"height":1072,"url":"https:\/\/elcall.cat\/wp-content\/uploads\/2026\/01\/la-casa-antiga2-1.jpg","type":"image\/jpeg"}],"twitter_card":"summary_large_image","twitter_misc":{"Tiempo de lectura":"1 minuto"},"schema":{"@context":"https:\/\/schema.org","@graph":[{"@type":"WebPage","@id":"https:\/\/elcall.cat\/es\/historia\/la-familia-y-la-casa-antigua\/","url":"https:\/\/elcall.cat\/es\/historia\/la-familia-y-la-casa-antigua\/","name":"La Familia y la Casa antigua - El Call d&#039;Od\u00e8n","isPartOf":{"@id":"https:\/\/elcall.cat\/es\/#website"},"primaryImageOfPage":{"@id":"https:\/\/elcall.cat\/es\/historia\/la-familia-y-la-casa-antigua\/#primaryimage"},"image":{"@id":"https:\/\/elcall.cat\/es\/historia\/la-familia-y-la-casa-antigua\/#primaryimage"},"thumbnailUrl":"https:\/\/elcall.cat\/wp-content\/uploads\/2026\/01\/la-casa-antiga2-1.jpg","datePublished":"2026-01-15T15:12:12+00:00","breadcrumb":{"@id":"https:\/\/elcall.cat\/es\/historia\/la-familia-y-la-casa-antigua\/#breadcrumb"},"inLanguage":"es","potentialAction":[{"@type":"ReadAction","target":["https:\/\/elcall.cat\/es\/historia\/la-familia-y-la-casa-antigua\/"]}]},{"@type":"ImageObject","inLanguage":"es","@id":"https:\/\/elcall.cat\/es\/historia\/la-familia-y-la-casa-antigua\/#primaryimage","url":"https:\/\/elcall.cat\/wp-content\/uploads\/2026\/01\/la-casa-antiga2-1.jpg","contentUrl":"https:\/\/elcall.cat\/wp-content\/uploads\/2026\/01\/la-casa-antiga2-1.jpg","width":2000,"height":1072},{"@type":"BreadcrumbList","@id":"https:\/\/elcall.cat\/es\/historia\/la-familia-y-la-casa-antigua\/#breadcrumb","itemListElement":[{"@type":"ListItem","position":1,"name":"Inici","item":"https:\/\/elcall.cat\/es\/inicio\/"},{"@type":"ListItem","position":2,"name":"Historia","item":"https:\/\/elcall.cat\/es\/historia\/"},{"@type":"ListItem","position":3,"name":"La Familia y la Casa antigua"}]},{"@type":"WebSite","@id":"https:\/\/elcall.cat\/es\/#website","url":"https:\/\/elcall.cat\/es\/","name":"El Call d'Od\u00e8n","description":"","publisher":{"@id":"https:\/\/elcall.cat\/es\/#organization"},"potentialAction":[{"@type":"SearchAction","target":{"@type":"EntryPoint","urlTemplate":"https:\/\/elcall.cat\/es\/?s={search_term_string}"},"query-input":{"@type":"PropertyValueSpecification","valueRequired":true,"valueName":"search_term_string"}}],"inLanguage":"es"},{"@type":"Organization","@id":"https:\/\/elcall.cat\/es\/#organization","name":"El Call d'Od\u00e8n","url":"https:\/\/elcall.cat\/es\/","logo":{"@type":"ImageObject","inLanguage":"es","@id":"https:\/\/elcall.cat\/es\/#\/schema\/logo\/image\/","url":"https:\/\/elcall.cat\/wp-content\/uploads\/2026\/03\/screenshot.jpg","contentUrl":"https:\/\/elcall.cat\/wp-content\/uploads\/2026\/03\/screenshot.jpg","width":1200,"height":900,"caption":"El Call d'Od\u00e8n"},"image":{"@id":"https:\/\/elcall.cat\/es\/#\/schema\/logo\/image\/"}}]}},"_links":{"self":[{"href":"https:\/\/elcall.cat\/es\/wp-json\/wp\/v2\/pages\/651","targetHints":{"allow":["GET"]}}],"collection":[{"href":"https:\/\/elcall.cat\/es\/wp-json\/wp\/v2\/pages"}],"about":[{"href":"https:\/\/elcall.cat\/es\/wp-json\/wp\/v2\/types\/page"}],"author":[{"embeddable":true,"href":"https:\/\/elcall.cat\/es\/wp-json\/wp\/v2\/users\/1"}],"replies":[{"embeddable":true,"href":"https:\/\/elcall.cat\/es\/wp-json\/wp\/v2\/comments?post=651"}],"version-history":[{"count":0,"href":"https:\/\/elcall.cat\/es\/wp-json\/wp\/v2\/pages\/651\/revisions"}],"up":[{"embeddable":true,"href":"https:\/\/elcall.cat\/es\/wp-json\/wp\/v2\/pages\/581"}],"wp:featuredmedia":[{"embeddable":true,"href":"https:\/\/elcall.cat\/es\/wp-json\/wp\/v2\/media\/650"}],"wp:attachment":[{"href":"https:\/\/elcall.cat\/es\/wp-json\/wp\/v2\/media?parent=651"}],"curies":[{"name":"wp","href":"https:\/\/api.w.org\/{rel}","templated":true}]}}