{"id":436,"date":"2026-01-12T12:32:03","date_gmt":"2026-01-12T10:32:03","guid":{"rendered":"http:\/\/elcall.cat\/las-casas\/call-1-torrento-call-2-riulaco-call-3-gespeguera\/"},"modified":"2026-03-09T20:04:14","modified_gmt":"2026-03-09T18:04:14","slug":"call-1-torrento-call-2-riulaco-call-3-gespeguera","status":"publish","type":"page","link":"https:\/\/elcall.cat\/es\/las-casas\/call-1-torrento-call-2-riulaco-call-3-gespeguera\/","title":{"rendered":"Call 1 Fuster, Call 2 Sastre, Call 3 Pintor"},"content":{"rendered":"","protected":false},"excerpt":{"rendered":"","protected":false},"author":1,"featured_media":0,"parent":411,"menu_order":1,"comment_status":"closed","ping_status":"closed","template":"template-casa.php","meta":{"_acf_changed":false,"footnotes":""},"class_list":["post-436","page","type-page","status-publish","hentry"],"acf":[],"yoast_head":"<!-- This site is optimized with the Yoast SEO plugin v27.3 - https:\/\/yoast.com\/product\/yoast-seo-wordpress\/ -->\n<title>Call 1 Fuster, Call 2 Sastre, Call 3 Pintor - El Call d&#039;Od\u00e8n<\/title>\n<meta name=\"description\" content=\"El Call d&#039;Od\u00e8n es una mas\u00eda del siglo XIII situada al norte de El Solson\u00e8s. Del antiguo pajar se han habilitado 3 alojamientos independientes.\" \/>\n<meta name=\"robots\" content=\"index, follow, max-snippet:-1, max-image-preview:large, max-video-preview:-1\" \/>\n<link rel=\"canonical\" href=\"https:\/\/elcall.cat\/es\/las-casas\/call-1-torrento-call-2-riulaco-call-3-gespeguera\/\" \/>\n<meta property=\"og:locale\" content=\"es_ES\" \/>\n<meta property=\"og:type\" content=\"article\" \/>\n<meta property=\"og:title\" content=\"Call 1 Fuster, Call 2 Sastre, Call 3 Pintor - El Call d&#039;Od\u00e8n\" \/>\n<meta property=\"og:description\" content=\"El Call d&#039;Od\u00e8n es una mas\u00eda del siglo XIII situada al norte de El Solson\u00e8s. Del antiguo pajar se han habilitado 3 alojamientos independientes.\" \/>\n<meta property=\"og:url\" content=\"https:\/\/elcall.cat\/es\/las-casas\/call-1-torrento-call-2-riulaco-call-3-gespeguera\/\" \/>\n<meta property=\"og:site_name\" content=\"El Call d&#039;Od\u00e8n\" \/>\n<meta property=\"article:modified_time\" content=\"2026-03-09T18:04:14+00:00\" \/>\n<meta name=\"twitter:card\" content=\"summary_large_image\" \/>\n<script type=\"application\/ld+json\" class=\"yoast-schema-graph\">{\"@context\":\"https:\\\/\\\/schema.org\",\"@graph\":[{\"@type\":\"WebPage\",\"@id\":\"https:\\\/\\\/elcall.cat\\\/es\\\/las-casas\\\/call-1-torrento-call-2-riulaco-call-3-gespeguera\\\/\",\"url\":\"https:\\\/\\\/elcall.cat\\\/es\\\/las-casas\\\/call-1-torrento-call-2-riulaco-call-3-gespeguera\\\/\",\"name\":\"Call 1 Fuster, Call 2 Sastre, Call 3 Pintor - El Call d&#039;Od\u00e8n\",\"isPartOf\":{\"@id\":\"https:\\\/\\\/elcall.cat\\\/es\\\/#website\"},\"datePublished\":\"2026-01-12T10:32:03+00:00\",\"dateModified\":\"2026-03-09T18:04:14+00:00\",\"description\":\"El Call d'Od\u00e8n es una mas\u00eda del siglo XIII situada al norte de El Solson\u00e8s. Del antiguo pajar se han habilitado 3 alojamientos independientes.\",\"breadcrumb\":{\"@id\":\"https:\\\/\\\/elcall.cat\\\/es\\\/las-casas\\\/call-1-torrento-call-2-riulaco-call-3-gespeguera\\\/#breadcrumb\"},\"inLanguage\":\"es\",\"potentialAction\":[{\"@type\":\"ReadAction\",\"target\":[\"https:\\\/\\\/elcall.cat\\\/es\\\/las-casas\\\/call-1-torrento-call-2-riulaco-call-3-gespeguera\\\/\"]}]},{\"@type\":\"BreadcrumbList\",\"@id\":\"https:\\\/\\\/elcall.cat\\\/es\\\/las-casas\\\/call-1-torrento-call-2-riulaco-call-3-gespeguera\\\/#breadcrumb\",\"itemListElement\":[{\"@type\":\"ListItem\",\"position\":1,\"name\":\"Inici\",\"item\":\"https:\\\/\\\/elcall.cat\\\/es\\\/inicio\\\/\"},{\"@type\":\"ListItem\",\"position\":2,\"name\":\"Las casas\",\"item\":\"https:\\\/\\\/elcall.cat\\\/es\\\/las-casas\\\/\"},{\"@type\":\"ListItem\",\"position\":3,\"name\":\"Call 1 Fuster, Call 2 Sastre, Call 3 Pintor\"}]},{\"@type\":\"WebSite\",\"@id\":\"https:\\\/\\\/elcall.cat\\\/es\\\/#website\",\"url\":\"https:\\\/\\\/elcall.cat\\\/es\\\/\",\"name\":\"El Call d'Od\u00e8n\",\"description\":\"\",\"publisher\":{\"@id\":\"https:\\\/\\\/elcall.cat\\\/es\\\/#organization\"},\"potentialAction\":[{\"@type\":\"SearchAction\",\"target\":{\"@type\":\"EntryPoint\",\"urlTemplate\":\"https:\\\/\\\/elcall.cat\\\/es\\\/?s={search_term_string}\"},\"query-input\":{\"@type\":\"PropertyValueSpecification\",\"valueRequired\":true,\"valueName\":\"search_term_string\"}}],\"inLanguage\":\"es\"},{\"@type\":\"Organization\",\"@id\":\"https:\\\/\\\/elcall.cat\\\/es\\\/#organization\",\"name\":\"El Call d'Od\u00e8n\",\"url\":\"https:\\\/\\\/elcall.cat\\\/es\\\/\",\"logo\":{\"@type\":\"ImageObject\",\"inLanguage\":\"es\",\"@id\":\"https:\\\/\\\/elcall.cat\\\/es\\\/#\\\/schema\\\/logo\\\/image\\\/\",\"url\":\"https:\\\/\\\/elcall.cat\\\/wp-content\\\/uploads\\\/2026\\\/03\\\/screenshot.jpg\",\"contentUrl\":\"https:\\\/\\\/elcall.cat\\\/wp-content\\\/uploads\\\/2026\\\/03\\\/screenshot.jpg\",\"width\":1200,\"height\":900,\"caption\":\"El Call d'Od\u00e8n\"},\"image\":{\"@id\":\"https:\\\/\\\/elcall.cat\\\/es\\\/#\\\/schema\\\/logo\\\/image\\\/\"}}]}<\/script>\n<!-- \/ Yoast SEO plugin. -->","yoast_head_json":{"title":"Call 1 Fuster, Call 2 Sastre, Call 3 Pintor - El Call d&#039;Od\u00e8n","description":"El Call d'Od\u00e8n es una mas\u00eda del siglo XIII situada al norte de El Solson\u00e8s. Del antiguo pajar se han habilitado 3 alojamientos independientes.","robots":{"index":"index","follow":"follow","max-snippet":"max-snippet:-1","max-image-preview":"max-image-preview:large","max-video-preview":"max-video-preview:-1"},"canonical":"https:\/\/elcall.cat\/es\/las-casas\/call-1-torrento-call-2-riulaco-call-3-gespeguera\/","og_locale":"es_ES","og_type":"article","og_title":"Call 1 Fuster, Call 2 Sastre, Call 3 Pintor - El Call d&#039;Od\u00e8n","og_description":"El Call d'Od\u00e8n es una mas\u00eda del siglo XIII situada al norte de El Solson\u00e8s. Del antiguo pajar se han habilitado 3 alojamientos independientes.","og_url":"https:\/\/elcall.cat\/es\/las-casas\/call-1-torrento-call-2-riulaco-call-3-gespeguera\/","og_site_name":"El Call d&#039;Od\u00e8n","article_modified_time":"2026-03-09T18:04:14+00:00","twitter_card":"summary_large_image","schema":{"@context":"https:\/\/schema.org","@graph":[{"@type":"WebPage","@id":"https:\/\/elcall.cat\/es\/las-casas\/call-1-torrento-call-2-riulaco-call-3-gespeguera\/","url":"https:\/\/elcall.cat\/es\/las-casas\/call-1-torrento-call-2-riulaco-call-3-gespeguera\/","name":"Call 1 Fuster, Call 2 Sastre, Call 3 Pintor - El Call d&#039;Od\u00e8n","isPartOf":{"@id":"https:\/\/elcall.cat\/es\/#website"},"datePublished":"2026-01-12T10:32:03+00:00","dateModified":"2026-03-09T18:04:14+00:00","description":"El Call d'Od\u00e8n es una mas\u00eda del siglo XIII situada al norte de El Solson\u00e8s. Del antiguo pajar se han habilitado 3 alojamientos independientes.","breadcrumb":{"@id":"https:\/\/elcall.cat\/es\/las-casas\/call-1-torrento-call-2-riulaco-call-3-gespeguera\/#breadcrumb"},"inLanguage":"es","potentialAction":[{"@type":"ReadAction","target":["https:\/\/elcall.cat\/es\/las-casas\/call-1-torrento-call-2-riulaco-call-3-gespeguera\/"]}]},{"@type":"BreadcrumbList","@id":"https:\/\/elcall.cat\/es\/las-casas\/call-1-torrento-call-2-riulaco-call-3-gespeguera\/#breadcrumb","itemListElement":[{"@type":"ListItem","position":1,"name":"Inici","item":"https:\/\/elcall.cat\/es\/inicio\/"},{"@type":"ListItem","position":2,"name":"Las casas","item":"https:\/\/elcall.cat\/es\/las-casas\/"},{"@type":"ListItem","position":3,"name":"Call 1 Fuster, Call 2 Sastre, Call 3 Pintor"}]},{"@type":"WebSite","@id":"https:\/\/elcall.cat\/es\/#website","url":"https:\/\/elcall.cat\/es\/","name":"El Call d'Od\u00e8n","description":"","publisher":{"@id":"https:\/\/elcall.cat\/es\/#organization"},"potentialAction":[{"@type":"SearchAction","target":{"@type":"EntryPoint","urlTemplate":"https:\/\/elcall.cat\/es\/?s={search_term_string}"},"query-input":{"@type":"PropertyValueSpecification","valueRequired":true,"valueName":"search_term_string"}}],"inLanguage":"es"},{"@type":"Organization","@id":"https:\/\/elcall.cat\/es\/#organization","name":"El Call d'Od\u00e8n","url":"https:\/\/elcall.cat\/es\/","logo":{"@type":"ImageObject","inLanguage":"es","@id":"https:\/\/elcall.cat\/es\/#\/schema\/logo\/image\/","url":"https:\/\/elcall.cat\/wp-content\/uploads\/2026\/03\/screenshot.jpg","contentUrl":"https:\/\/elcall.cat\/wp-content\/uploads\/2026\/03\/screenshot.jpg","width":1200,"height":900,"caption":"El Call d'Od\u00e8n"},"image":{"@id":"https:\/\/elcall.cat\/es\/#\/schema\/logo\/image\/"}}]}},"_links":{"self":[{"href":"https:\/\/elcall.cat\/es\/wp-json\/wp\/v2\/pages\/436","targetHints":{"allow":["GET"]}}],"collection":[{"href":"https:\/\/elcall.cat\/es\/wp-json\/wp\/v2\/pages"}],"about":[{"href":"https:\/\/elcall.cat\/es\/wp-json\/wp\/v2\/types\/page"}],"author":[{"embeddable":true,"href":"https:\/\/elcall.cat\/es\/wp-json\/wp\/v2\/users\/1"}],"replies":[{"embeddable":true,"href":"https:\/\/elcall.cat\/es\/wp-json\/wp\/v2\/comments?post=436"}],"version-history":[{"count":1,"href":"https:\/\/elcall.cat\/es\/wp-json\/wp\/v2\/pages\/436\/revisions"}],"predecessor-version":[{"id":799,"href":"https:\/\/elcall.cat\/es\/wp-json\/wp\/v2\/pages\/436\/revisions\/799"}],"up":[{"embeddable":true,"href":"https:\/\/elcall.cat\/es\/wp-json\/wp\/v2\/pages\/411"}],"wp:attachment":[{"href":"https:\/\/elcall.cat\/es\/wp-json\/wp\/v2\/media?parent=436"}],"curies":[{"name":"wp","href":"https:\/\/api.w.org\/{rel}","templated":true}]}}