{"id":647,"date":"2026-01-15T17:12:12","date_gmt":"2026-01-15T15:12:12","guid":{"rendered":"https:\/\/elcall.cat\/history\/the-family-and-the-old-house\/"},"modified":"2026-01-15T17:12:12","modified_gmt":"2026-01-15T15:12:12","slug":"the-family-and-the-old-house","status":"publish","type":"page","link":"https:\/\/elcall.cat\/en\/history\/the-family-and-the-old-house\/","title":{"rendered":"The Family and the Old House"},"content":{"rendered":"<h2>History<\/h2>\n<p>The first records found of the house date back to 1306, when it was called Can Cabrit. The first documented member is Arnau Call, who married Proven\u00e7a, and together they started the Call lineage.<\/p>\n<p>Arnau Call died in 1340.<\/p>\n<p>Around 1400, Joan de la Call married Elisabet Sol\u00e0, daughter of Pere Sol\u00e0, who was the Lord of Od\u00e8n. They lived in Od\u00e8n Castle.<\/p>\n<p>Generations have come and gone, and to this day, the family continues to live in the ancestral home of Call d&#8217;Od\u00e8n.<\/p>\n<p><img decoding=\"async\" class=\"alignnone wp-image-227 size-full lazyload\" data-src=\"http:\/\/elcall.cat\/wp-content\/uploads\/2026\/01\/his-recull-plalla.jpg\" alt=\"\" width=\"1000\" height=\"662\" data-srcset=\"https:\/\/elcall.cat\/wp-content\/uploads\/2026\/01\/his-recull-plalla.jpg 1000w, https:\/\/elcall.cat\/wp-content\/uploads\/2026\/01\/his-recull-plalla-300x199.jpg 300w, https:\/\/elcall.cat\/wp-content\/uploads\/2026\/01\/his-recull-plalla-768x508.jpg 768w, https:\/\/elcall.cat\/wp-content\/uploads\/2026\/01\/his-recull-plalla-773x512.jpg 773w, https:\/\/elcall.cat\/wp-content\/uploads\/2026\/01\/his-recull-plalla-340x225.jpg 340w\" data-sizes=\"(max-width: 1000px) 100vw, 1000px\" src=\"data:image\/svg+xml;base64,PHN2ZyB3aWR0aD0iMSIgaGVpZ2h0PSIxIiB4bWxucz0iaHR0cDovL3d3dy53My5vcmcvMjAwMC9zdmciPjwvc3ZnPg==\" style=\"--smush-placeholder-width: 1000px; --smush-placeholder-aspect-ratio: 1000\/662;\" \/><\/p>\n<p>&nbsp;<\/p>\n<h2>Old House<\/h2>\n<p>The house dates back to the 13th century and consists of three floors, each 400 m2.<\/p>\n<p>In the stables, located on the ground floor, lived the animals that provided warmth to the family&#8217;s living quarters and to the workers who lived on the first floor.<\/p>\n<p>The third floor, or attic, housed the pantries and granaries.<\/p>\n<p>Today, the family lives on the first floor, and the animals are kept in corrals outside the house.<\/p>\n<p><img decoding=\"async\" class=\"alignnone wp-image-226 size-full lazyload\" data-src=\"http:\/\/elcall.cat\/wp-content\/uploads\/2026\/01\/call-entrada.jpg\" alt=\"\" width=\"1000\" height=\"688\" data-srcset=\"https:\/\/elcall.cat\/wp-content\/uploads\/2026\/01\/call-entrada.jpg 1000w, https:\/\/elcall.cat\/wp-content\/uploads\/2026\/01\/call-entrada-300x206.jpg 300w, https:\/\/elcall.cat\/wp-content\/uploads\/2026\/01\/call-entrada-768x528.jpg 768w, https:\/\/elcall.cat\/wp-content\/uploads\/2026\/01\/call-entrada-773x532.jpg 773w, https:\/\/elcall.cat\/wp-content\/uploads\/2026\/01\/call-entrada-340x234.jpg 340w\" data-sizes=\"(max-width: 1000px) 100vw, 1000px\" src=\"data:image\/svg+xml;base64,PHN2ZyB3aWR0aD0iMSIgaGVpZ2h0PSIxIiB4bWxucz0iaHR0cDovL3d3dy53My5vcmcvMjAwMC9zdmciPjwvc3ZnPg==\" style=\"--smush-placeholder-width: 1000px; --smush-placeholder-aspect-ratio: 1000\/688;\" \/><\/p>\n<p>&nbsp;<\/p>\n","protected":false},"excerpt":{"rendered":"<p>History The first records found of the house date back to 1306, when it was called Can Cabrit. The first documented member is Arnau Call, who married Proven\u00e7a, and together they started the Call lineage. Arnau Call died in 1340. Around 1400, Joan de la Call married Elisabet Sol\u00e0, daughter of Pere Sol\u00e0, who was [&hellip;]<\/p>\n","protected":false},"author":1,"featured_media":643,"parent":577,"menu_order":2,"comment_status":"closed","ping_status":"closed","template":"page-base.php","meta":{"_acf_changed":false,"footnotes":""},"class_list":["post-647","page","type-page","status-publish","has-post-thumbnail","hentry"],"acf":[],"yoast_head":"<!-- This site is optimized with the Yoast SEO plugin v27.3 - https:\/\/yoast.com\/product\/yoast-seo-wordpress\/ -->\n<title>The Family and the Old House - El Call d&#039;Od\u00e8n<\/title>\n<meta name=\"robots\" content=\"index, follow, max-snippet:-1, max-image-preview:large, max-video-preview:-1\" \/>\n<link rel=\"canonical\" href=\"https:\/\/elcall.cat\/en\/history\/the-family-and-the-old-house\/\" \/>\n<meta property=\"og:locale\" content=\"en_US\" \/>\n<meta property=\"og:type\" content=\"article\" \/>\n<meta property=\"og:title\" content=\"The Family and the Old House - El Call d&#039;Od\u00e8n\" \/>\n<meta property=\"og:description\" content=\"History The first records found of the house date back to 1306, when it was called Can Cabrit. The first documented member is Arnau Call, who married Proven\u00e7a, and together they started the Call lineage. Arnau Call died in 1340. Around 1400, Joan de la Call married Elisabet Sol\u00e0, daughter of Pere Sol\u00e0, who was [&hellip;]\" \/>\n<meta property=\"og:url\" content=\"https:\/\/elcall.cat\/en\/history\/the-family-and-the-old-house\/\" \/>\n<meta property=\"og:site_name\" content=\"El Call d&#039;Od\u00e8n\" \/>\n<meta property=\"og:image\" content=\"https:\/\/elcall.cat\/wp-content\/uploads\/2026\/01\/la-casa-antiga2-1.jpg\" \/>\n\t<meta property=\"og:image:width\" content=\"2000\" \/>\n\t<meta property=\"og:image:height\" content=\"1072\" \/>\n\t<meta property=\"og:image:type\" content=\"image\/jpeg\" \/>\n<meta name=\"twitter:card\" content=\"summary_large_image\" \/>\n<meta name=\"twitter:label1\" content=\"Est. reading time\" \/>\n\t<meta name=\"twitter:data1\" content=\"1 minute\" \/>\n<script type=\"application\/ld+json\" class=\"yoast-schema-graph\">{\"@context\":\"https:\\\/\\\/schema.org\",\"@graph\":[{\"@type\":\"WebPage\",\"@id\":\"https:\\\/\\\/elcall.cat\\\/en\\\/history\\\/the-family-and-the-old-house\\\/\",\"url\":\"https:\\\/\\\/elcall.cat\\\/en\\\/history\\\/the-family-and-the-old-house\\\/\",\"name\":\"The Family and the Old House - El Call d&#039;Od\u00e8n\",\"isPartOf\":{\"@id\":\"https:\\\/\\\/elcall.cat\\\/en\\\/#website\"},\"primaryImageOfPage\":{\"@id\":\"https:\\\/\\\/elcall.cat\\\/en\\\/history\\\/the-family-and-the-old-house\\\/#primaryimage\"},\"image\":{\"@id\":\"https:\\\/\\\/elcall.cat\\\/en\\\/history\\\/the-family-and-the-old-house\\\/#primaryimage\"},\"thumbnailUrl\":\"https:\\\/\\\/elcall.cat\\\/wp-content\\\/uploads\\\/2026\\\/01\\\/la-casa-antiga2-1.jpg\",\"datePublished\":\"2026-01-15T15:12:12+00:00\",\"breadcrumb\":{\"@id\":\"https:\\\/\\\/elcall.cat\\\/en\\\/history\\\/the-family-and-the-old-house\\\/#breadcrumb\"},\"inLanguage\":\"en-US\",\"potentialAction\":[{\"@type\":\"ReadAction\",\"target\":[\"https:\\\/\\\/elcall.cat\\\/en\\\/history\\\/the-family-and-the-old-house\\\/\"]}]},{\"@type\":\"ImageObject\",\"inLanguage\":\"en-US\",\"@id\":\"https:\\\/\\\/elcall.cat\\\/en\\\/history\\\/the-family-and-the-old-house\\\/#primaryimage\",\"url\":\"https:\\\/\\\/elcall.cat\\\/wp-content\\\/uploads\\\/2026\\\/01\\\/la-casa-antiga2-1.jpg\",\"contentUrl\":\"https:\\\/\\\/elcall.cat\\\/wp-content\\\/uploads\\\/2026\\\/01\\\/la-casa-antiga2-1.jpg\",\"width\":2000,\"height\":1072},{\"@type\":\"BreadcrumbList\",\"@id\":\"https:\\\/\\\/elcall.cat\\\/en\\\/history\\\/the-family-and-the-old-house\\\/#breadcrumb\",\"itemListElement\":[{\"@type\":\"ListItem\",\"position\":1,\"name\":\"Inici\",\"item\":\"https:\\\/\\\/elcall.cat\\\/en\\\/home\\\/\"},{\"@type\":\"ListItem\",\"position\":2,\"name\":\"History\",\"item\":\"https:\\\/\\\/elcall.cat\\\/en\\\/history\\\/\"},{\"@type\":\"ListItem\",\"position\":3,\"name\":\"The Family and the Old House\"}]},{\"@type\":\"WebSite\",\"@id\":\"https:\\\/\\\/elcall.cat\\\/en\\\/#website\",\"url\":\"https:\\\/\\\/elcall.cat\\\/en\\\/\",\"name\":\"El Call d'Od\u00e8n\",\"description\":\"\",\"publisher\":{\"@id\":\"https:\\\/\\\/elcall.cat\\\/en\\\/#organization\"},\"potentialAction\":[{\"@type\":\"SearchAction\",\"target\":{\"@type\":\"EntryPoint\",\"urlTemplate\":\"https:\\\/\\\/elcall.cat\\\/en\\\/?s={search_term_string}\"},\"query-input\":{\"@type\":\"PropertyValueSpecification\",\"valueRequired\":true,\"valueName\":\"search_term_string\"}}],\"inLanguage\":\"en-US\"},{\"@type\":\"Organization\",\"@id\":\"https:\\\/\\\/elcall.cat\\\/en\\\/#organization\",\"name\":\"El Call d'Od\u00e8n\",\"url\":\"https:\\\/\\\/elcall.cat\\\/en\\\/\",\"logo\":{\"@type\":\"ImageObject\",\"inLanguage\":\"en-US\",\"@id\":\"https:\\\/\\\/elcall.cat\\\/en\\\/#\\\/schema\\\/logo\\\/image\\\/\",\"url\":\"https:\\\/\\\/elcall.cat\\\/wp-content\\\/uploads\\\/2026\\\/03\\\/screenshot.jpg\",\"contentUrl\":\"https:\\\/\\\/elcall.cat\\\/wp-content\\\/uploads\\\/2026\\\/03\\\/screenshot.jpg\",\"width\":1200,\"height\":900,\"caption\":\"El Call d'Od\u00e8n\"},\"image\":{\"@id\":\"https:\\\/\\\/elcall.cat\\\/en\\\/#\\\/schema\\\/logo\\\/image\\\/\"}}]}<\/script>\n<!-- \/ Yoast SEO plugin. -->","yoast_head_json":{"title":"The Family and the Old House - El Call d&#039;Od\u00e8n","robots":{"index":"index","follow":"follow","max-snippet":"max-snippet:-1","max-image-preview":"max-image-preview:large","max-video-preview":"max-video-preview:-1"},"canonical":"https:\/\/elcall.cat\/en\/history\/the-family-and-the-old-house\/","og_locale":"en_US","og_type":"article","og_title":"The Family and the Old House - El Call d&#039;Od\u00e8n","og_description":"History The first records found of the house date back to 1306, when it was called Can Cabrit. The first documented member is Arnau Call, who married Proven\u00e7a, and together they started the Call lineage. Arnau Call died in 1340. Around 1400, Joan de la Call married Elisabet Sol\u00e0, daughter of Pere Sol\u00e0, who was [&hellip;]","og_url":"https:\/\/elcall.cat\/en\/history\/the-family-and-the-old-house\/","og_site_name":"El Call d&#039;Od\u00e8n","og_image":[{"width":2000,"height":1072,"url":"https:\/\/elcall.cat\/wp-content\/uploads\/2026\/01\/la-casa-antiga2-1.jpg","type":"image\/jpeg"}],"twitter_card":"summary_large_image","twitter_misc":{"Est. reading time":"1 minute"},"schema":{"@context":"https:\/\/schema.org","@graph":[{"@type":"WebPage","@id":"https:\/\/elcall.cat\/en\/history\/the-family-and-the-old-house\/","url":"https:\/\/elcall.cat\/en\/history\/the-family-and-the-old-house\/","name":"The Family and the Old House - El Call d&#039;Od\u00e8n","isPartOf":{"@id":"https:\/\/elcall.cat\/en\/#website"},"primaryImageOfPage":{"@id":"https:\/\/elcall.cat\/en\/history\/the-family-and-the-old-house\/#primaryimage"},"image":{"@id":"https:\/\/elcall.cat\/en\/history\/the-family-and-the-old-house\/#primaryimage"},"thumbnailUrl":"https:\/\/elcall.cat\/wp-content\/uploads\/2026\/01\/la-casa-antiga2-1.jpg","datePublished":"2026-01-15T15:12:12+00:00","breadcrumb":{"@id":"https:\/\/elcall.cat\/en\/history\/the-family-and-the-old-house\/#breadcrumb"},"inLanguage":"en-US","potentialAction":[{"@type":"ReadAction","target":["https:\/\/elcall.cat\/en\/history\/the-family-and-the-old-house\/"]}]},{"@type":"ImageObject","inLanguage":"en-US","@id":"https:\/\/elcall.cat\/en\/history\/the-family-and-the-old-house\/#primaryimage","url":"https:\/\/elcall.cat\/wp-content\/uploads\/2026\/01\/la-casa-antiga2-1.jpg","contentUrl":"https:\/\/elcall.cat\/wp-content\/uploads\/2026\/01\/la-casa-antiga2-1.jpg","width":2000,"height":1072},{"@type":"BreadcrumbList","@id":"https:\/\/elcall.cat\/en\/history\/the-family-and-the-old-house\/#breadcrumb","itemListElement":[{"@type":"ListItem","position":1,"name":"Inici","item":"https:\/\/elcall.cat\/en\/home\/"},{"@type":"ListItem","position":2,"name":"History","item":"https:\/\/elcall.cat\/en\/history\/"},{"@type":"ListItem","position":3,"name":"The Family and the Old House"}]},{"@type":"WebSite","@id":"https:\/\/elcall.cat\/en\/#website","url":"https:\/\/elcall.cat\/en\/","name":"El Call d'Od\u00e8n","description":"","publisher":{"@id":"https:\/\/elcall.cat\/en\/#organization"},"potentialAction":[{"@type":"SearchAction","target":{"@type":"EntryPoint","urlTemplate":"https:\/\/elcall.cat\/en\/?s={search_term_string}"},"query-input":{"@type":"PropertyValueSpecification","valueRequired":true,"valueName":"search_term_string"}}],"inLanguage":"en-US"},{"@type":"Organization","@id":"https:\/\/elcall.cat\/en\/#organization","name":"El Call d'Od\u00e8n","url":"https:\/\/elcall.cat\/en\/","logo":{"@type":"ImageObject","inLanguage":"en-US","@id":"https:\/\/elcall.cat\/en\/#\/schema\/logo\/image\/","url":"https:\/\/elcall.cat\/wp-content\/uploads\/2026\/03\/screenshot.jpg","contentUrl":"https:\/\/elcall.cat\/wp-content\/uploads\/2026\/03\/screenshot.jpg","width":1200,"height":900,"caption":"El Call d'Od\u00e8n"},"image":{"@id":"https:\/\/elcall.cat\/en\/#\/schema\/logo\/image\/"}}]}},"_links":{"self":[{"href":"https:\/\/elcall.cat\/en\/wp-json\/wp\/v2\/pages\/647","targetHints":{"allow":["GET"]}}],"collection":[{"href":"https:\/\/elcall.cat\/en\/wp-json\/wp\/v2\/pages"}],"about":[{"href":"https:\/\/elcall.cat\/en\/wp-json\/wp\/v2\/types\/page"}],"author":[{"embeddable":true,"href":"https:\/\/elcall.cat\/en\/wp-json\/wp\/v2\/users\/1"}],"replies":[{"embeddable":true,"href":"https:\/\/elcall.cat\/en\/wp-json\/wp\/v2\/comments?post=647"}],"version-history":[{"count":0,"href":"https:\/\/elcall.cat\/en\/wp-json\/wp\/v2\/pages\/647\/revisions"}],"up":[{"embeddable":true,"href":"https:\/\/elcall.cat\/en\/wp-json\/wp\/v2\/pages\/577"}],"wp:featuredmedia":[{"embeddable":true,"href":"https:\/\/elcall.cat\/en\/wp-json\/wp\/v2\/media\/643"}],"wp:attachment":[{"href":"https:\/\/elcall.cat\/en\/wp-json\/wp\/v2\/media?parent=647"}],"curies":[{"name":"wp","href":"https:\/\/api.w.org\/{rel}","templated":true}]}}